{"id":1445,"date":"2025-10-17T16:28:18","date_gmt":"2025-10-17T14:28:18","guid":{"rendered":"https:\/\/www.campingsaintevictoire.com\/servizi\/"},"modified":"2026-04-13T12:53:23","modified_gmt":"2026-04-13T10:53:23","slug":"servizi","status":"publish","type":"page","link":"https:\/\/www.campingsaintevictoire.com\/it\/servizi\/","title":{"rendered":"Servizi"},"content":{"rendered":"<div class=\"diaporama-header align-full\"><div class=\"gallery\"><figure class=\"gallery__item\"><picture><source srcset=\"https:\/\/www.campingsaintevictoire.com\/wp-content\/uploads\/2025\/10\/Panneau-Camping-Sainte-Victoire-420x282.webp\" media=\"(max-width: 210px)\"><source srcset=\"https:\/\/www.campingsaintevictoire.com\/wp-content\/uploads\/2025\/10\/Panneau-Camping-Sainte-Victoire-850x570.webp\" media=\"(max-width: 420px)\"><source srcset=\"https:\/\/www.campingsaintevictoire.com\/wp-content\/uploads\/2025\/10\/Panneau-Camping-Sainte-Victoire-768x515.webp\" media=\"(max-width: 850px)\"><source srcset=\"https:\/\/www.campingsaintevictoire.com\/wp-content\/uploads\/2025\/10\/Panneau-Camping-Sainte-Victoire-1024x686.webp\" media=\"(max-width: 1024px)\"><source srcset=\"https:\/\/www.campingsaintevictoire.com\/wp-content\/uploads\/2025\/10\/Panneau-Camping-Sainte-Victoire.webp\" media=\"(min-width: 1025px)\"><img loading=\"lazy\" decoding=\"async\" src=\"https:\/\/www.campingsaintevictoire.com\/wp-content\/uploads\/2025\/10\/Panneau-Camping-Sainte-Victoire-420x282.webp\" width=\"420\" height=\"210\" alt=\"\" title=\"\"><\/picture><\/figure><\/div><div class=\"diaporama-header__inner\"><\/div><\/div>\n\n<div class=\"columns reverse-mob align-full\"><div class=\"columns__item fade-left media hide-mob\" style=\"align-self:stretch;\"><figure class=\"height-adapt\"><picture><source srcset=\"https:\/\/www.campingsaintevictoire.com\/wp-content\/uploads\/2025\/10\/AdobeStock_35275033-280x420.webp\" media=\"(max-width: 210px)\"><source srcset=\"https:\/\/www.campingsaintevictoire.com\/wp-content\/uploads\/2025\/10\/AdobeStock_35275033-567x850.webp\" media=\"(max-width: 420px)\"><source srcset=\"https:\/\/www.campingsaintevictoire.com\/wp-content\/uploads\/2025\/10\/AdobeStock_35275033-768x1152.webp\" media=\"(max-width: 850px)\"><source srcset=\"https:\/\/www.campingsaintevictoire.com\/wp-content\/uploads\/2025\/10\/AdobeStock_35275033-683x1024.webp\" media=\"(max-width: 1024px)\"><source srcset=\"https:\/\/www.campingsaintevictoire.com\/wp-content\/uploads\/2025\/10\/AdobeStock_35275033.webp\" media=\"(min-width: 1025px)\"><img decoding=\"async\" src=\"https:\/\/www.campingsaintevictoire.com\/wp-content\/uploads\/2025\/10\/AdobeStock_35275033-280x420.webp\" width=\"420\" height=\"210\" loading=\"lazy\" alt=\"\" title=\"\"><\/picture><\/figure><\/div><div class=\"columns__item fade-right texte\"><h1>I piaceri <span class=\"fc-span\">quotidiani in montagna<\/span><\/h1><p    >Al campeggio Sainte Victoire amiamo le mattine che profumano di pane caldo! Da maggio a settembre, approfitta del nostro<strong> servizio di pane e pasticceria <\/strong>su ordinazione per iniziare bene la giornata.<\/p><div class=\"lireplus fc-mob\"><p    >Leggi tutto<\/p><div class=\"group\"><p    >C&#8217;\u00e8 anche un piccolo <strong>negozio di alimentari<\/strong> in loco per tutti i beni di prima necessit\u00e0 e le esigenze dell&#8217;ultimo minuto. E se vuoi condividere un caff\u00e8 o un aperitivo con gli amici, la <strong>terrazza coperta <\/strong>\u00e8 il luogo ideale per incontrarsi.<\/p><\/div><\/div><\/div><\/div>\n\n<div class=\"group sec-05 align-full\"><figure><picture><source srcset=\"https:\/\/www.campingsaintevictoire.com\/wp-content\/uploads\/2025\/10\/00000406995-e1761295217819-420x150.webp\" media=\"(max-width: 210px)\"><source srcset=\"https:\/\/www.campingsaintevictoire.com\/wp-content\/uploads\/2025\/10\/00000406995-e1761295217819-850x304.webp\" media=\"(max-width: 420px)\"><source srcset=\"https:\/\/www.campingsaintevictoire.com\/wp-content\/uploads\/2025\/10\/00000406995-e1761295217819-768x275.webp\" media=\"(max-width: 850px)\"><source srcset=\"https:\/\/www.campingsaintevictoire.com\/wp-content\/uploads\/2025\/10\/00000406995-e1761295217819.webp\" media=\"(max-width: 1024px)\"><source srcset=\"https:\/\/www.campingsaintevictoire.com\/wp-content\/uploads\/2025\/10\/00000406995-e1761295217819.webp\" media=\"(min-width: 1025px)\"><img decoding=\"async\" src=\"https:\/\/www.campingsaintevictoire.com\/wp-content\/uploads\/2025\/10\/00000406995-e1761295217819-420x150.webp\" width=\"420\" height=\"210\" loading=\"lazy\" alt=\"\" title=\"\"><\/picture><\/figure><div class=\"columns negative reverse-mob\"><div class=\"columns__item left fade-left\"><div class=\"columns icon\"><div class=\"columns__item\"><figure><picture><source srcset=\"https:\/\/www.campingsaintevictoire.com\/wp-content\/uploads\/2025\/10\/Group-139-340x420.webp\" media=\"(max-width: 210px)\"><source srcset=\"https:\/\/www.campingsaintevictoire.com\/wp-content\/uploads\/2025\/10\/Group-139.webp\" media=\"(max-width: 420px)\"><source srcset=\"https:\/\/www.campingsaintevictoire.com\/wp-content\/uploads\/2025\/10\/Group-139.webp\" media=\"(max-width: 850px)\"><source srcset=\"https:\/\/www.campingsaintevictoire.com\/wp-content\/uploads\/2025\/10\/Group-139.webp\" media=\"(max-width: 1024px)\"><source srcset=\"https:\/\/www.campingsaintevictoire.com\/wp-content\/uploads\/2025\/10\/Group-139.webp\" media=\"(min-width: 1025px)\"><img decoding=\"async\" src=\"https:\/\/www.campingsaintevictoire.com\/wp-content\/uploads\/2025\/10\/Group-139-340x420.webp\" width=\"420\" height=\"210\" loading=\"lazy\" alt=\"\" title=\"\"><\/picture><\/figure><p class=\"fc-span center\" style=\"text-align: center;\"  >Lavanderia<\/p><\/div><div class=\"columns__item\"><figure><picture><source srcset=\"https:\/\/www.campingsaintevictoire.com\/wp-content\/uploads\/2025\/10\/Group-140-420x222.webp\" media=\"(max-width: 210px)\"><source srcset=\"https:\/\/www.campingsaintevictoire.com\/wp-content\/uploads\/2025\/10\/Group-140.webp\" media=\"(max-width: 420px)\"><source srcset=\"https:\/\/www.campingsaintevictoire.com\/wp-content\/uploads\/2025\/10\/Group-140.webp\" media=\"(max-width: 850px)\"><source srcset=\"https:\/\/www.campingsaintevictoire.com\/wp-content\/uploads\/2025\/10\/Group-140.webp\" media=\"(max-width: 1024px)\"><source srcset=\"https:\/\/www.campingsaintevictoire.com\/wp-content\/uploads\/2025\/10\/Group-140.webp\" media=\"(min-width: 1025px)\"><img decoding=\"async\" src=\"https:\/\/www.campingsaintevictoire.com\/wp-content\/uploads\/2025\/10\/Group-140-420x222.webp\" width=\"420\" height=\"210\" loading=\"lazy\" alt=\"\" title=\"\"><\/picture><\/figure><p class=\"fc-span center\" style=\"text-align: center;\"  >Noleggio di lenzuola<\/p><\/div><div class=\"columns__item\"><figure><picture><source srcset=\"https:\/\/www.campingsaintevictoire.com\/wp-content\/uploads\/2025\/10\/Group-141.webp\" media=\"(max-width: 210px)\"><source srcset=\"https:\/\/www.campingsaintevictoire.com\/wp-content\/uploads\/2025\/10\/Group-141.webp\" media=\"(max-width: 420px)\"><source srcset=\"https:\/\/www.campingsaintevictoire.com\/wp-content\/uploads\/2025\/10\/Group-141.webp\" media=\"(max-width: 850px)\"><source srcset=\"https:\/\/www.campingsaintevictoire.com\/wp-content\/uploads\/2025\/10\/Group-141.webp\" media=\"(max-width: 1024px)\"><source srcset=\"https:\/\/www.campingsaintevictoire.com\/wp-content\/uploads\/2025\/10\/Group-141.webp\" media=\"(min-width: 1025px)\"><img decoding=\"async\" src=\"https:\/\/www.campingsaintevictoire.com\/wp-content\/uploads\/2025\/10\/Group-141.webp\" width=\"420\" height=\"210\" loading=\"lazy\" alt=\"\" title=\"\"><\/picture><\/figure><p class=\"fc-span center\" style=\"text-align: center;\"  >Wifi<\/p><\/div><\/div><\/div><div class=\"columns__item right fade-right has-beige-bg-color has-bg\" style=\"background-color:var(--beige);\"><h2 class=\"h1\">Servizi pensati <span class=\"fc-span\">per il tuo comfort<\/span><\/h2><p    >Viaggia con la mente sgombra: abbiamo tutto ci\u00f2 che ti serve per rendere il tuo soggiorno il pi\u00f9 semplice possibile. Approfitta della zona Wi-Fi gratuita sulla terrazza per rimanere connesso quando vuoi. Per le famiglie, il noleggio di lettini per bambini semplifica le vacanze con i pi\u00f9 piccoli. Il campeggio \u00e8 inoltre dotato di una cabina accessibile alle persone con mobilit\u00e0 ridotta (doccia, lavabo e WC).  <\/p><div class=\"lireplus fc-mob\"><p    >Leggi tutto<\/p><div class=\"group\"><p    >Su prenotazione sono disponibili anche lenzuola, frigo-top e plancha, per unire comfort e piacere. Il campeggio dispone di un <strong>servizio di lavanderia per <\/strong>rendere la tua vacanza il pi\u00f9 rilassante e piacevole possibile. Mettiamo inoltre a disposizione ferro e asse da stiro, nonch\u00e9 due asciugacapelli.<\/p><p    ><\/p><\/div><\/div><\/div><\/div><\/div>","protected":false},"excerpt":{"rendered":"<p>I piaceri quotidiani in montagna Al campeggio Sainte Victoire amiamo le mattine che profumano di pane caldo! Da maggio a settembre, approfitta del nostro servizio di pane e pasticceria su ordinazione per iniziare bene la giornata. Lavanderia Noleggio di lenzuola Wifi Servizi pensati per il tuo comfort Viaggia con la mente sgombra: abbiamo tutto ci\u00f2 [&hellip;]<\/p>\n","protected":false},"author":1,"featured_media":0,"parent":0,"menu_order":0,"comment_status":"open","ping_status":"open","template":"","meta":{"_acf_changed":false,"footnotes":""},"acf":[],"_links":{"self":[{"href":"https:\/\/www.campingsaintevictoire.com\/it\/wp-json\/wp\/v2\/pages\/1445"}],"collection":[{"href":"https:\/\/www.campingsaintevictoire.com\/it\/wp-json\/wp\/v2\/pages"}],"about":[{"href":"https:\/\/www.campingsaintevictoire.com\/it\/wp-json\/wp\/v2\/types\/page"}],"author":[{"embeddable":true,"href":"https:\/\/www.campingsaintevictoire.com\/it\/wp-json\/wp\/v2\/users\/1"}],"replies":[{"embeddable":true,"href":"https:\/\/www.campingsaintevictoire.com\/it\/wp-json\/wp\/v2\/comments?post=1445"}],"version-history":[{"count":6,"href":"https:\/\/www.campingsaintevictoire.com\/it\/wp-json\/wp\/v2\/pages\/1445\/revisions"}],"predecessor-version":[{"id":1971,"href":"https:\/\/www.campingsaintevictoire.com\/it\/wp-json\/wp\/v2\/pages\/1445\/revisions\/1971"}],"wp:attachment":[{"href":"https:\/\/www.campingsaintevictoire.com\/it\/wp-json\/wp\/v2\/media?parent=1445"}],"curies":[{"name":"wp","href":"https:\/\/api.w.org\/{rel}","templated":true}]}}