{"id":1420,"date":"2025-10-17T16:28:18","date_gmt":"2025-10-17T14:28:18","guid":{"rendered":"https:\/\/www.campingsaintevictoire.com\/residenziale\/"},"modified":"2026-02-06T12:22:31","modified_gmt":"2026-02-06T11:22:31","slug":"residenziale","status":"publish","type":"page","link":"https:\/\/www.campingsaintevictoire.com\/it\/residenziale\/","title":{"rendered":"Residenziale"},"content":{"rendered":"<div class=\"diaporama-header align-full\"><div class=\"gallery\"><figure class=\"gallery__item\"><picture><source srcset=\"https:\/\/www.campingsaintevictoire.com\/wp-content\/uploads\/2025\/10\/AdobeStock_568785099-420x280.webp\" media=\"(max-width: 210px)\"><source srcset=\"https:\/\/www.campingsaintevictoire.com\/wp-content\/uploads\/2025\/10\/AdobeStock_568785099-850x567.webp\" media=\"(max-width: 420px)\"><source srcset=\"https:\/\/www.campingsaintevictoire.com\/wp-content\/uploads\/2025\/10\/AdobeStock_568785099-768x512.webp\" media=\"(max-width: 850px)\"><source srcset=\"https:\/\/www.campingsaintevictoire.com\/wp-content\/uploads\/2025\/10\/AdobeStock_568785099-1024x683.webp\" media=\"(max-width: 1024px)\"><source srcset=\"https:\/\/www.campingsaintevictoire.com\/wp-content\/uploads\/2025\/10\/AdobeStock_568785099.webp\" media=\"(min-width: 1025px)\"><img loading=\"lazy\" decoding=\"async\" src=\"https:\/\/www.campingsaintevictoire.com\/wp-content\/uploads\/2025\/10\/AdobeStock_568785099-420x280.webp\" width=\"420\" height=\"210\" alt=\"\" title=\"\"><\/picture><\/figure><\/div><div class=\"diaporama-header__inner\"><\/div><\/div>\n\n<div class=\"columns mob align-full\"><div class=\"columns__item fade-left texte\"><h1>Pensa in modo diverso alla tua seconda <span class=\"fc-span\">casa e diventa proprietario al campeggio Sainte Victoire<\/span><\/h1><p    >Ma al di l\u00e0 di tutte le qualit\u00e0 che la tua casa mobile pu\u00f2 offrirti, abbiamo voluto fornirti una serie di garanzie sulle condizioni di installazione e utilizzo della stessa sul nostro sito:<\/p><ul><li><strong>Tranquillit\u00e0 garantita<\/strong> e un&#8217;atmosfera amichevole in un contesto naturale eccezionale, con 85 piazzole di dimensioni comprese tra 80 e 100 m\u00b2 e riservate esclusivamente alle case mobili occupate dai proprietari.\n<\/li><li><strong>La garanzia che non dovrai rinnovare<\/strong> la tua casa mobile sulla sua piazzola dopo un certo numero di anni, a patto che sia mantenuta correttamente e in buone condizioni (15 anni).\n<\/li><li><strong>La garanzia di un unico punto di contatto<\/strong> con il nostro approccio &#8220;chiavi in mano&#8221; all&#8217;installazione della tua casa mobile e dei suoi accessori.\n<\/li><\/ul><\/div><div class=\"columns__item fade-right media\" style=\"align-self:stretch;\"><div class=\"gallery f-carousel fc-diapo\" data-fancybox=\"gallery\"><figure class=\"gallery__item height-adapt\"><picture><source srcset=\"https:\/\/www.campingsaintevictoire.com\/wp-content\/uploads\/2025\/10\/00001038737-420x280.webp\" media=\"(max-width: 210px)\"><source srcset=\"https:\/\/www.campingsaintevictoire.com\/wp-content\/uploads\/2025\/10\/00001038737.webp\" media=\"(max-width: 420px)\"><source srcset=\"https:\/\/www.campingsaintevictoire.com\/wp-content\/uploads\/2025\/10\/00001038737-768x512.webp\" media=\"(max-width: 850px)\"><source srcset=\"https:\/\/www.campingsaintevictoire.com\/wp-content\/uploads\/2025\/10\/00001038737.webp\" media=\"(max-width: 1024px)\"><source srcset=\"https:\/\/www.campingsaintevictoire.com\/wp-content\/uploads\/2025\/10\/00001038737.webp\" media=\"(min-width: 1025px)\"><img decoding=\"async\" src=\"https:\/\/www.campingsaintevictoire.com\/wp-content\/uploads\/2025\/10\/00001038737-420x280.webp\" width=\"420\" height=\"210\" loading=\"lazy\" alt=\"\" title=\"\"><\/picture><\/figure><figure class=\"gallery__item height-adapt\"><picture><source srcset=\"https:\/\/www.campingsaintevictoire.com\/wp-content\/uploads\/2025\/10\/00001038734-336x420.webp\" media=\"(max-width: 210px)\"><source srcset=\"https:\/\/www.campingsaintevictoire.com\/wp-content\/uploads\/2025\/10\/00001038734.webp\" media=\"(max-width: 420px)\"><source srcset=\"https:\/\/www.campingsaintevictoire.com\/wp-content\/uploads\/2025\/10\/00001038734.webp\" media=\"(max-width: 850px)\"><source srcset=\"https:\/\/www.campingsaintevictoire.com\/wp-content\/uploads\/2025\/10\/00001038734.webp\" media=\"(max-width: 1024px)\"><source srcset=\"https:\/\/www.campingsaintevictoire.com\/wp-content\/uploads\/2025\/10\/00001038734.webp\" media=\"(min-width: 1025px)\"><img decoding=\"async\" src=\"https:\/\/www.campingsaintevictoire.com\/wp-content\/uploads\/2025\/10\/00001038734-336x420.webp\" width=\"420\" height=\"210\" loading=\"lazy\" alt=\"\" title=\"\"><\/picture><\/figure><\/div><\/div><\/div>\n\n<div class=\"columns reverse-mob align-full\"><div class=\"columns__item fade-right media\" style=\"align-self:stretch;\"><div class=\"gallery f-carousel fc-diapo\" data-fancybox=\"gallery\"><figure class=\"gallery__item height-adapt\"><picture><source srcset=\"https:\/\/www.campingsaintevictoire.com\/wp-content\/uploads\/2025\/10\/00001038735-280x420.webp\" media=\"(max-width: 210px)\"><source srcset=\"https:\/\/www.campingsaintevictoire.com\/wp-content\/uploads\/2025\/10\/00001038735.webp\" media=\"(max-width: 420px)\"><source srcset=\"https:\/\/www.campingsaintevictoire.com\/wp-content\/uploads\/2025\/10\/00001038735.webp\" media=\"(max-width: 850px)\"><source srcset=\"https:\/\/www.campingsaintevictoire.com\/wp-content\/uploads\/2025\/10\/00001038735.webp\" media=\"(max-width: 1024px)\"><source srcset=\"https:\/\/www.campingsaintevictoire.com\/wp-content\/uploads\/2025\/10\/00001038735.webp\" media=\"(min-width: 1025px)\"><img decoding=\"async\" src=\"https:\/\/www.campingsaintevictoire.com\/wp-content\/uploads\/2025\/10\/00001038735-280x420.webp\" width=\"420\" height=\"210\" loading=\"lazy\" alt=\"\" title=\"\"><\/picture><\/figure><figure class=\"gallery__item height-adapt\"><picture><source srcset=\"https:\/\/www.campingsaintevictoire.com\/wp-content\/uploads\/2025\/10\/00001038736-420x280.webp\" media=\"(max-width: 210px)\"><source srcset=\"https:\/\/www.campingsaintevictoire.com\/wp-content\/uploads\/2025\/10\/00001038736.webp\" media=\"(max-width: 420px)\"><source srcset=\"https:\/\/www.campingsaintevictoire.com\/wp-content\/uploads\/2025\/10\/00001038736-768x512.webp\" media=\"(max-width: 850px)\"><source srcset=\"https:\/\/www.campingsaintevictoire.com\/wp-content\/uploads\/2025\/10\/00001038736.webp\" media=\"(max-width: 1024px)\"><source srcset=\"https:\/\/www.campingsaintevictoire.com\/wp-content\/uploads\/2025\/10\/00001038736.webp\" media=\"(min-width: 1025px)\"><img decoding=\"async\" src=\"https:\/\/www.campingsaintevictoire.com\/wp-content\/uploads\/2025\/10\/00001038736-420x280.webp\" width=\"420\" height=\"210\" loading=\"lazy\" alt=\"\" title=\"\"><\/picture><\/figure><\/div><\/div><div class=\"columns__item fade-left texte\"><ul><li><strong>La garanzia di una casa mobile comoda<\/strong>, funzionale, ben attrezzata e con una piacevole terrazza grazie alla nostra selezione di modelli di un produttore rinomato per la sua esperienza;  \n<\/li><li><strong>La garanzia di tranquillit\u00e0 <\/strong>con un contratto di affitto della piazzola a lungo termine con impegni chiari e precisi, compresi eventuali aumenti del canone, i cui termini sono definiti in anticipo;\n<\/li><li><strong>La garanzia di poter ospitare facilmente i tuoi cari:<\/strong> il costo del noleggio della piazzola \u00e8 forfettario e si basa sulla capacit\u00e0 di posti letto della tua casa mobile. In questo modo non ci sono costi aggiuntivi quando ospiti parenti o amici inclusi nel tuo contratto;   \n<\/li><li><strong>Un servizio garantito<\/strong> con un team di professionisti a disposizione 7 giorni su 7 per rispondere alle tue richieste (alcuni addetti vivono in loco);  \n<\/li><\/ul><p    >I nostri residenti te lo spiegheranno meglio di noi: &#8220;Possedere una casa mobile al campeggio Sainte Victoire \u00e8 senza preoccupazioni, senza sorprese e praticamente senza manutenzione. \u00c8 una scelta pratica ed economica per una vacanza di successo con la<span class=\"fc-span\">famiglia<\/span> o con gli amici&#8221;.<\/p><\/div><\/div>","protected":false},"excerpt":{"rendered":"<p>Pensa in modo diverso alla tua seconda casa e diventa proprietario al campeggio Sainte Victoire Ma al di l\u00e0 di tutte le qualit\u00e0 che la tua casa mobile pu\u00f2 offrirti, abbiamo voluto fornirti una serie di garanzie sulle condizioni di installazione e utilizzo della stessa sul nostro sito: I nostri residenti te lo spiegheranno meglio [&hellip;]<\/p>\n","protected":false},"author":1,"featured_media":0,"parent":0,"menu_order":0,"comment_status":"open","ping_status":"open","template":"","meta":{"_acf_changed":false,"footnotes":""},"acf":[],"_links":{"self":[{"href":"https:\/\/www.campingsaintevictoire.com\/it\/wp-json\/wp\/v2\/pages\/1420"}],"collection":[{"href":"https:\/\/www.campingsaintevictoire.com\/it\/wp-json\/wp\/v2\/pages"}],"about":[{"href":"https:\/\/www.campingsaintevictoire.com\/it\/wp-json\/wp\/v2\/types\/page"}],"author":[{"embeddable":true,"href":"https:\/\/www.campingsaintevictoire.com\/it\/wp-json\/wp\/v2\/users\/1"}],"replies":[{"embeddable":true,"href":"https:\/\/www.campingsaintevictoire.com\/it\/wp-json\/wp\/v2\/comments?post=1420"}],"version-history":[{"count":5,"href":"https:\/\/www.campingsaintevictoire.com\/it\/wp-json\/wp\/v2\/pages\/1420\/revisions"}],"predecessor-version":[{"id":1882,"href":"https:\/\/www.campingsaintevictoire.com\/it\/wp-json\/wp\/v2\/pages\/1420\/revisions\/1882"}],"wp:attachment":[{"href":"https:\/\/www.campingsaintevictoire.com\/it\/wp-json\/wp\/v2\/media?parent=1420"}],"curies":[{"name":"wp","href":"https:\/\/api.w.org\/{rel}","templated":true}]}}