{"id":1437,"date":"2025-10-17T16:28:18","date_gmt":"2025-10-17T14:28:18","guid":{"rendered":"https:\/\/www.campingsaintevictoire.com\/servicios\/"},"modified":"2026-04-09T10:36:50","modified_gmt":"2026-04-09T08:36:50","slug":"servicios","status":"publish","type":"page","link":"https:\/\/www.campingsaintevictoire.com\/es\/servicios\/","title":{"rendered":"Servicios"},"content":{"rendered":"<div class=\"diaporama-header align-full\"><div class=\"gallery\"><figure class=\"gallery__item\"><picture><source srcset=\"https:\/\/www.campingsaintevictoire.com\/wp-content\/uploads\/2025\/10\/Panneau-Camping-Sainte-Victoire-420x282.webp\" media=\"(max-width: 210px)\"><source srcset=\"https:\/\/www.campingsaintevictoire.com\/wp-content\/uploads\/2025\/10\/Panneau-Camping-Sainte-Victoire-850x570.webp\" media=\"(max-width: 420px)\"><source srcset=\"https:\/\/www.campingsaintevictoire.com\/wp-content\/uploads\/2025\/10\/Panneau-Camping-Sainte-Victoire-768x515.webp\" media=\"(max-width: 850px)\"><source srcset=\"https:\/\/www.campingsaintevictoire.com\/wp-content\/uploads\/2025\/10\/Panneau-Camping-Sainte-Victoire-1024x686.webp\" media=\"(max-width: 1024px)\"><source srcset=\"https:\/\/www.campingsaintevictoire.com\/wp-content\/uploads\/2025\/10\/Panneau-Camping-Sainte-Victoire.webp\" media=\"(min-width: 1025px)\"><img loading=\"lazy\" decoding=\"async\" src=\"https:\/\/www.campingsaintevictoire.com\/wp-content\/uploads\/2025\/10\/Panneau-Camping-Sainte-Victoire-420x282.webp\" width=\"420\" height=\"210\" alt=\"\" title=\"\"><\/picture><\/figure><\/div><div class=\"diaporama-header__inner\"><\/div><\/div><div class=\"columns reverse-mob align-full\"><div class=\"columns__item fade-left media hide-mob\" style=\"align-self:stretch;\"><figure class=\"height-adapt\"><picture><source srcset=\"https:\/\/www.campingsaintevictoire.com\/wp-content\/uploads\/2025\/10\/AdobeStock_35275033-280x420.webp\" media=\"(max-width: 210px)\"><source srcset=\"https:\/\/www.campingsaintevictoire.com\/wp-content\/uploads\/2025\/10\/AdobeStock_35275033-567x850.webp\" media=\"(max-width: 420px)\"><source srcset=\"https:\/\/www.campingsaintevictoire.com\/wp-content\/uploads\/2025\/10\/AdobeStock_35275033-768x1152.webp\" media=\"(max-width: 850px)\"><source srcset=\"https:\/\/www.campingsaintevictoire.com\/wp-content\/uploads\/2025\/10\/AdobeStock_35275033-683x1024.webp\" media=\"(max-width: 1024px)\"><source srcset=\"https:\/\/www.campingsaintevictoire.com\/wp-content\/uploads\/2025\/10\/AdobeStock_35275033.webp\" media=\"(min-width: 1025px)\"><img decoding=\"async\" src=\"https:\/\/www.campingsaintevictoire.com\/wp-content\/uploads\/2025\/10\/AdobeStock_35275033-280x420.webp\" width=\"420\" height=\"210\" loading=\"lazy\" alt=\"\" title=\"\"><\/picture><\/figure><\/div><div class=\"columns__item fade-right texte\"><h1>Placeres <span class=\"fc-span\">cotidianos en la monta\u00f1a<\/span><\/h1><p    >En el camping Sainte Victoire, \u00a1nos encantan las ma\u00f1anas que huelen a pan caliente! De mayo a septiembre, aprovecha nuestro<strong> servicio de pan y boller\u00eda <\/strong>por encargo para empezar bien el d\u00eda.<\/p><div class=\"lireplus fc-mob\"><p    >Leer m\u00e1s<\/p><div class=\"group\"><p    >Tambi\u00e9n hay una peque\u00f1a <strong>tienda de comestibles<\/strong> para todos tus productos b\u00e1sicos y necesidades de \u00faltima hora. Y si quieres compartir un caf\u00e9 o un aperitivo con amigos, la <strong>terraza cubierta <\/strong>es un lugar estupendo para reunirse.<\/p><\/div><\/div><\/div><\/div><div class=\"group sec-05 align-full\"><figure><picture><source srcset=\"https:\/\/www.campingsaintevictoire.com\/wp-content\/uploads\/2025\/10\/00000406995-e1761295217819-420x150.webp\" media=\"(max-width: 210px)\"><source srcset=\"https:\/\/www.campingsaintevictoire.com\/wp-content\/uploads\/2025\/10\/00000406995-e1761295217819-850x304.webp\" media=\"(max-width: 420px)\"><source srcset=\"https:\/\/www.campingsaintevictoire.com\/wp-content\/uploads\/2025\/10\/00000406995-e1761295217819-768x275.webp\" media=\"(max-width: 850px)\"><source srcset=\"https:\/\/www.campingsaintevictoire.com\/wp-content\/uploads\/2025\/10\/00000406995-e1761295217819.webp\" media=\"(max-width: 1024px)\"><source srcset=\"https:\/\/www.campingsaintevictoire.com\/wp-content\/uploads\/2025\/10\/00000406995-e1761295217819.webp\" media=\"(min-width: 1025px)\"><img decoding=\"async\" src=\"https:\/\/www.campingsaintevictoire.com\/wp-content\/uploads\/2025\/10\/00000406995-e1761295217819-420x150.webp\" width=\"420\" height=\"210\" loading=\"lazy\" alt=\"\" title=\"\"><\/picture><\/figure><div class=\"columns negative reverse-mob\"><div class=\"columns__item left fade-left\"><div class=\"columns icon\"><div class=\"columns__item\"><figure><picture><source srcset=\"https:\/\/www.campingsaintevictoire.com\/wp-content\/uploads\/2025\/10\/Group-139-340x420.webp\" media=\"(max-width: 210px)\"><source srcset=\"https:\/\/www.campingsaintevictoire.com\/wp-content\/uploads\/2025\/10\/Group-139.webp\" media=\"(max-width: 420px)\"><source srcset=\"https:\/\/www.campingsaintevictoire.com\/wp-content\/uploads\/2025\/10\/Group-139.webp\" media=\"(max-width: 850px)\"><source srcset=\"https:\/\/www.campingsaintevictoire.com\/wp-content\/uploads\/2025\/10\/Group-139.webp\" media=\"(max-width: 1024px)\"><source srcset=\"https:\/\/www.campingsaintevictoire.com\/wp-content\/uploads\/2025\/10\/Group-139.webp\" media=\"(min-width: 1025px)\"><img decoding=\"async\" src=\"https:\/\/www.campingsaintevictoire.com\/wp-content\/uploads\/2025\/10\/Group-139-340x420.webp\" width=\"420\" height=\"210\" loading=\"lazy\" alt=\"\" title=\"\"><\/picture><\/figure><p class=\"fc-span center\" style=\"text-align: center;\"  >Lavander\u00eda<\/p><\/div><div class=\"columns__item\"><figure><picture><source srcset=\"https:\/\/www.campingsaintevictoire.com\/wp-content\/uploads\/2025\/10\/Group-140-420x222.webp\" media=\"(max-width: 210px)\"><source srcset=\"https:\/\/www.campingsaintevictoire.com\/wp-content\/uploads\/2025\/10\/Group-140.webp\" media=\"(max-width: 420px)\"><source srcset=\"https:\/\/www.campingsaintevictoire.com\/wp-content\/uploads\/2025\/10\/Group-140.webp\" media=\"(max-width: 850px)\"><source srcset=\"https:\/\/www.campingsaintevictoire.com\/wp-content\/uploads\/2025\/10\/Group-140.webp\" media=\"(max-width: 1024px)\"><source srcset=\"https:\/\/www.campingsaintevictoire.com\/wp-content\/uploads\/2025\/10\/Group-140.webp\" media=\"(min-width: 1025px)\"><img decoding=\"async\" src=\"https:\/\/www.campingsaintevictoire.com\/wp-content\/uploads\/2025\/10\/Group-140-420x222.webp\" width=\"420\" height=\"210\" loading=\"lazy\" alt=\"\" title=\"\"><\/picture><\/figure><p class=\"fc-span center\" style=\"text-align: center;\"  >Alquiler de s\u00e1banas<\/p><\/div><div class=\"columns__item\"><figure><picture><source srcset=\"https:\/\/www.campingsaintevictoire.com\/wp-content\/uploads\/2025\/10\/Group-141.webp\" media=\"(max-width: 210px)\"><source srcset=\"https:\/\/www.campingsaintevictoire.com\/wp-content\/uploads\/2025\/10\/Group-141.webp\" media=\"(max-width: 420px)\"><source srcset=\"https:\/\/www.campingsaintevictoire.com\/wp-content\/uploads\/2025\/10\/Group-141.webp\" media=\"(max-width: 850px)\"><source srcset=\"https:\/\/www.campingsaintevictoire.com\/wp-content\/uploads\/2025\/10\/Group-141.webp\" media=\"(max-width: 1024px)\"><source srcset=\"https:\/\/www.campingsaintevictoire.com\/wp-content\/uploads\/2025\/10\/Group-141.webp\" media=\"(min-width: 1025px)\"><img decoding=\"async\" src=\"https:\/\/www.campingsaintevictoire.com\/wp-content\/uploads\/2025\/10\/Group-141.webp\" width=\"420\" height=\"210\" loading=\"lazy\" alt=\"\" title=\"\"><\/picture><\/figure><p class=\"fc-span center\" style=\"text-align: center;\"  >Wifi<\/p><\/div><\/div><\/div><div class=\"columns__item right fade-right has-beige-bg-color has-bg\" style=\"background-color:var(--beige);\"><h2 class=\"h1\">Servicios dise\u00f1ados <span class=\"fc-span\">para tu comodidad<\/span><\/h2><p    >Viaja tranquilo: tenemos todo lo que necesitas para que tu estancia sea lo m\u00e1s f\u00e1cil posible. Aprovecha la zona de wifi gratuito de la terraza para mantenerte conectado cuando quieras. Para las familias, el alquiler de cunas facilita las vacaciones con los m\u00e1s peque\u00f1os. El camping tambi\u00e9n cuenta con un aseo adaptado para personas con movilidad reducida (ducha, lavabo y WC).  <\/p><div class=\"lireplus fc-mob\"><p    >Leer m\u00e1s<\/p><div class=\"group\"><p    >La ropa de cama, la nevera y la plancha tambi\u00e9n est\u00e1n disponibles previa reserva, para combinar comodidad y placer. El camping dispone de <strong>lavander\u00eda <\/strong>, para que tus vacaciones sean lo m\u00e1s relajantes y agradables posible. Tambi\u00e9n ponemos a su disposici\u00f3n una tabla de planchar y un secador de pelo. <\/p><\/div><\/div><\/div><\/div><\/div>","protected":false},"excerpt":{"rendered":"<p>Placeres cotidianos en la monta\u00f1a En el camping Sainte Victoire, \u00a1nos encantan las ma\u00f1anas que huelen a pan caliente! De mayo a septiembre, aprovecha nuestro servicio de pan y boller\u00eda por encargo para empezar bien el d\u00eda. Lavander\u00eda Alquiler de s\u00e1banas Wifi Servicios dise\u00f1ados para tu comodidad Viaja tranquilo: tenemos todo lo que necesitas para [&hellip;]<\/p>\n","protected":false},"author":1,"featured_media":0,"parent":0,"menu_order":0,"comment_status":"open","ping_status":"open","template":"","meta":{"_acf_changed":false,"footnotes":""},"acf":[],"_links":{"self":[{"href":"https:\/\/www.campingsaintevictoire.com\/es\/wp-json\/wp\/v2\/pages\/1437"}],"collection":[{"href":"https:\/\/www.campingsaintevictoire.com\/es\/wp-json\/wp\/v2\/pages"}],"about":[{"href":"https:\/\/www.campingsaintevictoire.com\/es\/wp-json\/wp\/v2\/types\/page"}],"author":[{"embeddable":true,"href":"https:\/\/www.campingsaintevictoire.com\/es\/wp-json\/wp\/v2\/users\/1"}],"replies":[{"embeddable":true,"href":"https:\/\/www.campingsaintevictoire.com\/es\/wp-json\/wp\/v2\/comments?post=1437"}],"version-history":[{"count":5,"href":"https:\/\/www.campingsaintevictoire.com\/es\/wp-json\/wp\/v2\/pages\/1437\/revisions"}],"predecessor-version":[{"id":1937,"href":"https:\/\/www.campingsaintevictoire.com\/es\/wp-json\/wp\/v2\/pages\/1437\/revisions\/1937"}],"wp:attachment":[{"href":"https:\/\/www.campingsaintevictoire.com\/es\/wp-json\/wp\/v2\/media?parent=1437"}],"curies":[{"name":"wp","href":"https:\/\/api.w.org\/{rel}","templated":true}]}}