{"id":1426,"date":"2025-10-17T16:28:18","date_gmt":"2025-10-17T14:28:18","guid":{"rendered":"https:\/\/www.campingsaintevictoire.com\/actividades\/"},"modified":"2026-04-13T09:12:57","modified_gmt":"2026-04-13T07:12:57","slug":"actividades","status":"publish","type":"page","link":"https:\/\/www.campingsaintevictoire.com\/es\/actividades\/","title":{"rendered":"Actividades"},"content":{"rendered":"<div class=\"diaporama-header align-full\"><div class=\"gallery\"><figure class=\"gallery__item\"><picture><source srcset=\"https:\/\/www.campingsaintevictoire.com\/wp-content\/uploads\/2026\/04\/aire-de-jeux-315x420.webp\" media=\"(max-width: 210px)\"><source srcset=\"https:\/\/www.campingsaintevictoire.com\/wp-content\/uploads\/2026\/04\/aire-de-jeux-638x850.webp\" media=\"(max-width: 420px)\"><source srcset=\"https:\/\/www.campingsaintevictoire.com\/wp-content\/uploads\/2026\/04\/aire-de-jeux-768x1024.webp\" media=\"(max-width: 850px)\"><source srcset=\"https:\/\/www.campingsaintevictoire.com\/wp-content\/uploads\/2026\/04\/aire-de-jeux-768x1024.webp\" media=\"(max-width: 1024px)\"><source srcset=\"https:\/\/www.campingsaintevictoire.com\/wp-content\/uploads\/2026\/04\/aire-de-jeux.webp\" media=\"(min-width: 1025px)\"><img loading=\"lazy\" decoding=\"async\" src=\"https:\/\/www.campingsaintevictoire.com\/wp-content\/uploads\/2026\/04\/aire-de-jeux-315x420.webp\" width=\"420\" height=\"210\" alt=\"\" title=\"\"><\/picture><\/figure><\/div><div class=\"diaporama-header__inner\"><\/div><\/div><div class=\"columns align-full\"><div class=\"columns__item fade-left texte\"><h1 class=\"h1\">Para los ni\u00f1os: <span class=\"fc-span\">zona de juegos y mucha diversi\u00f3n<\/span><\/h1><p    >En el centro del camping, hay un parque infantil seguro para los m\u00e1s peque\u00f1os. Podr\u00e1s disfrutar del acceso a un peque\u00f1o r\u00edo para divertirte con total libertad.  Mientras los mayores disfrutan del aire fresco, los ni\u00f1os pueden desahogarse con total seguridad, en un entorno natural al pie de la Monta\u00f1a Sainte-Victoire.<\/p><\/div><div class=\"columns__item fade-right media\" style=\"align-self:stretch;\"><figure class=\"height-adapt\"><picture><source srcset=\"https:\/\/www.campingsaintevictoire.com\/wp-content\/uploads\/2025\/10\/camping-sainte-victoire-beaurecueil-a-8km-4411172_5-420x315.webp\" media=\"(max-width: 210px)\"><source srcset=\"https:\/\/www.campingsaintevictoire.com\/wp-content\/uploads\/2025\/10\/camping-sainte-victoire-beaurecueil-a-8km-4411172_5-850x638.webp\" media=\"(max-width: 420px)\"><source srcset=\"https:\/\/www.campingsaintevictoire.com\/wp-content\/uploads\/2025\/10\/camping-sainte-victoire-beaurecueil-a-8km-4411172_5-768x576.webp\" media=\"(max-width: 850px)\"><source srcset=\"https:\/\/www.campingsaintevictoire.com\/wp-content\/uploads\/2025\/10\/camping-sainte-victoire-beaurecueil-a-8km-4411172_5.webp\" media=\"(max-width: 1024px)\"><source srcset=\"https:\/\/www.campingsaintevictoire.com\/wp-content\/uploads\/2025\/10\/camping-sainte-victoire-beaurecueil-a-8km-4411172_5.webp\" media=\"(min-width: 1025px)\"><img decoding=\"async\" src=\"https:\/\/www.campingsaintevictoire.com\/wp-content\/uploads\/2025\/10\/camping-sainte-victoire-beaurecueil-a-8km-4411172_5-420x315.webp\" width=\"420\" height=\"210\" loading=\"lazy\" alt=\"\" title=\"\"><\/picture><\/figure><\/div><\/div><div class=\"group reassurance align-full\"><h2 class=\"h1\" style=\"text-align: center;\">Juegos y diversi\u00f3n<span class=\"fc-span\"> para todos<\/span><\/h2><p class=\"mini center\" style=\"text-align: center;\"  >El camping tambi\u00e9n dispone de varias zonas donde podr\u00e9is relajaros y disfrutar jugando juntos. A los aficionados a los retos deportivos les encantar\u00e1n las<strong> mesas de ping-pong<\/strong> para intercambios din\u00e1micos entre amigos o familiares. Cerca, el <strong>futbol\u00edn <\/strong>promete duelos amistosos y trepidantes, perfectos para prolongar el buen humor tras un paseo o antes de cenar.<\/p><div class=\"lireplus fc-mob\"><p class=\"center\" style=\"text-align: center;\"  >Leer m\u00e1s<\/p><div class=\"group\"><p class=\"mini center\" style=\"text-align: center;\"  >Y para los momentos m\u00e1s tranquilos, hay una gran selecci\u00f3n de <strong>juegos de mesa<\/strong> que puedes tomar prestados o utilizar in situ, para pasar tranquilas veladas a la sombra de los pinos.<\/p><\/div><\/div><div class=\"columns reverse-mob f-carousel fc-diapo-mob\"><div class=\"columns__item fade-left\"><figure class=\"height-100\"><picture><source srcset=\"https:\/\/www.campingsaintevictoire.com\/wp-content\/uploads\/2025\/10\/AdobeStock_88963206-280x420.webp\" media=\"(max-width: 210px)\"><source srcset=\"https:\/\/www.campingsaintevictoire.com\/wp-content\/uploads\/2025\/10\/AdobeStock_88963206-567x850.webp\" media=\"(max-width: 420px)\"><source srcset=\"https:\/\/www.campingsaintevictoire.com\/wp-content\/uploads\/2025\/10\/AdobeStock_88963206-768x1152.webp\" media=\"(max-width: 850px)\"><source srcset=\"https:\/\/www.campingsaintevictoire.com\/wp-content\/uploads\/2025\/10\/AdobeStock_88963206-683x1024.webp\" media=\"(max-width: 1024px)\"><source srcset=\"https:\/\/www.campingsaintevictoire.com\/wp-content\/uploads\/2025\/10\/AdobeStock_88963206.webp\" media=\"(min-width: 1025px)\"><img decoding=\"async\" src=\"https:\/\/www.campingsaintevictoire.com\/wp-content\/uploads\/2025\/10\/AdobeStock_88963206-280x420.webp\" width=\"420\" height=\"210\" loading=\"lazy\" alt=\"\" title=\"\"><\/picture><\/figure><p class=\"fc-span center\" style=\"text-align: center;\"  >Mesas de ping-pong<\/p><\/div><div class=\"columns__item fade-down\"><figure class=\"height-100\"><picture><source srcset=\"https:\/\/www.campingsaintevictoire.com\/wp-content\/uploads\/2025\/10\/AdobeStock_174992248-280x420.webp\" media=\"(max-width: 210px)\"><source srcset=\"https:\/\/www.campingsaintevictoire.com\/wp-content\/uploads\/2025\/10\/AdobeStock_174992248-567x850.webp\" media=\"(max-width: 420px)\"><source srcset=\"https:\/\/www.campingsaintevictoire.com\/wp-content\/uploads\/2025\/10\/AdobeStock_174992248-768x1152.webp\" media=\"(max-width: 850px)\"><source srcset=\"https:\/\/www.campingsaintevictoire.com\/wp-content\/uploads\/2025\/10\/AdobeStock_174992248-683x1024.webp\" media=\"(max-width: 1024px)\"><source srcset=\"https:\/\/www.campingsaintevictoire.com\/wp-content\/uploads\/2025\/10\/AdobeStock_174992248.webp\" media=\"(min-width: 1025px)\"><img decoding=\"async\" src=\"https:\/\/www.campingsaintevictoire.com\/wp-content\/uploads\/2025\/10\/AdobeStock_174992248-280x420.webp\" width=\"420\" height=\"210\" loading=\"lazy\" alt=\"\" title=\"\"><\/picture><\/figure><p class=\"fc-span center\" style=\"text-align: center;\"  >Futbol\u00edn<\/p><\/div><div class=\"columns__item fade-right\"><figure class=\"height-100\"><picture><source srcset=\"https:\/\/www.campingsaintevictoire.com\/wp-content\/uploads\/2025\/10\/AdobeStock_442768439-280x420.webp\" media=\"(max-width: 210px)\"><source srcset=\"https:\/\/www.campingsaintevictoire.com\/wp-content\/uploads\/2025\/10\/AdobeStock_442768439-567x850.webp\" media=\"(max-width: 420px)\"><source srcset=\"https:\/\/www.campingsaintevictoire.com\/wp-content\/uploads\/2025\/10\/AdobeStock_442768439-768x1151.webp\" media=\"(max-width: 850px)\"><source srcset=\"https:\/\/www.campingsaintevictoire.com\/wp-content\/uploads\/2025\/10\/AdobeStock_442768439-683x1024.webp\" media=\"(max-width: 1024px)\"><source srcset=\"https:\/\/www.campingsaintevictoire.com\/wp-content\/uploads\/2025\/10\/AdobeStock_442768439.webp\" media=\"(min-width: 1025px)\"><img decoding=\"async\" src=\"https:\/\/www.campingsaintevictoire.com\/wp-content\/uploads\/2025\/10\/AdobeStock_442768439-280x420.webp\" width=\"420\" height=\"210\" loading=\"lazy\" alt=\"\" title=\"\"><\/picture><\/figure><p class=\"fc-span center\" style=\"text-align: center;\"  >Juegos de mesa<\/p><\/div><\/div><\/div>","protected":false},"excerpt":{"rendered":"<p>Para los ni\u00f1os: zona de juegos y mucha diversi\u00f3n En el centro del camping, hay un parque infantil seguro para los m\u00e1s peque\u00f1os. Podr\u00e1s disfrutar del acceso a un peque\u00f1o r\u00edo para divertirte con total libertad. Mientras los mayores disfrutan del aire fresco, los ni\u00f1os pueden desahogarse con total seguridad, en un entorno natural al [&hellip;]<\/p>\n","protected":false},"author":1,"featured_media":0,"parent":0,"menu_order":0,"comment_status":"open","ping_status":"open","template":"","meta":{"_acf_changed":false,"footnotes":""},"acf":[],"_links":{"self":[{"href":"https:\/\/www.campingsaintevictoire.com\/es\/wp-json\/wp\/v2\/pages\/1426"}],"collection":[{"href":"https:\/\/www.campingsaintevictoire.com\/es\/wp-json\/wp\/v2\/pages"}],"about":[{"href":"https:\/\/www.campingsaintevictoire.com\/es\/wp-json\/wp\/v2\/types\/page"}],"author":[{"embeddable":true,"href":"https:\/\/www.campingsaintevictoire.com\/es\/wp-json\/wp\/v2\/users\/1"}],"replies":[{"embeddable":true,"href":"https:\/\/www.campingsaintevictoire.com\/es\/wp-json\/wp\/v2\/comments?post=1426"}],"version-history":[{"count":4,"href":"https:\/\/www.campingsaintevictoire.com\/es\/wp-json\/wp\/v2\/pages\/1426\/revisions"}],"predecessor-version":[{"id":1956,"href":"https:\/\/www.campingsaintevictoire.com\/es\/wp-json\/wp\/v2\/pages\/1426\/revisions\/1956"}],"wp:attachment":[{"href":"https:\/\/www.campingsaintevictoire.com\/es\/wp-json\/wp\/v2\/media?parent=1426"}],"curies":[{"name":"wp","href":"https:\/\/api.w.org\/{rel}","templated":true}]}}