{"id":1416,"date":"2025-10-17T16:28:18","date_gmt":"2025-10-17T14:28:18","guid":{"rendered":"https:\/\/www.campingsaintevictoire.com\/residencial\/"},"modified":"2026-02-06T12:22:35","modified_gmt":"2026-02-06T11:22:35","slug":"residencial","status":"publish","type":"page","link":"https:\/\/www.campingsaintevictoire.com\/es\/residencial\/","title":{"rendered":"Residencial"},"content":{"rendered":"<div class=\"diaporama-header align-full\"><div class=\"gallery\"><figure class=\"gallery__item\"><picture><source srcset=\"https:\/\/www.campingsaintevictoire.com\/wp-content\/uploads\/2025\/10\/AdobeStock_568785099-420x280.webp\" media=\"(max-width: 210px)\"><source srcset=\"https:\/\/www.campingsaintevictoire.com\/wp-content\/uploads\/2025\/10\/AdobeStock_568785099-850x567.webp\" media=\"(max-width: 420px)\"><source srcset=\"https:\/\/www.campingsaintevictoire.com\/wp-content\/uploads\/2025\/10\/AdobeStock_568785099-768x512.webp\" media=\"(max-width: 850px)\"><source srcset=\"https:\/\/www.campingsaintevictoire.com\/wp-content\/uploads\/2025\/10\/AdobeStock_568785099-1024x683.webp\" media=\"(max-width: 1024px)\"><source srcset=\"https:\/\/www.campingsaintevictoire.com\/wp-content\/uploads\/2025\/10\/AdobeStock_568785099.webp\" media=\"(min-width: 1025px)\"><img loading=\"lazy\" decoding=\"async\" src=\"https:\/\/www.campingsaintevictoire.com\/wp-content\/uploads\/2025\/10\/AdobeStock_568785099-420x280.webp\" width=\"420\" height=\"210\" alt=\"\" title=\"\"><\/picture><\/figure><\/div><div class=\"diaporama-header__inner\"><\/div><\/div>\n\n<div class=\"columns mob align-full\"><div class=\"columns__item fade-left texte\"><h1>Piensa de forma diferente en tu segunda <span class=\"fc-span\">residencia y convi\u00e9rtete en propietario en el camping Sainte Victoire<\/span><\/h1><p    >Pero m\u00e1s all\u00e1 de todas las cualidades que puede ofrecerte tu mobil-home, hemos querido ofrecerte una serie de garant\u00edas sobre las condiciones de su instalaci\u00f3n y utilizaci\u00f3n en nuestro sitio:<\/p><ul><li>Tranquilidad <strong>garantizada<\/strong> y ambiente acogedor en un entorno natural excepcional, con 85 parcelas de 80 a 100 m\u00b2 reservadas exclusivamente a casas m\u00f3viles ocupadas por sus propietarios.\n<\/li><li><strong>La garant\u00eda de que no tendr\u00e1s que renovar<\/strong> tu autocaravana en su emplazamiento al cabo de un determinado n\u00famero de a\u00f1os, siempre que se mantenga correctamente y en buen estado (15 a\u00f1os).\n<\/li><li><strong>La garant\u00eda de un interlocutor \u00fanico<\/strong> con nuestro enfoque \u00abllave en mano\u00bb para la instalaci\u00f3n de tu mobil-home y sus accesorios.\n<\/li><\/ul><\/div><div class=\"columns__item fade-right media\" style=\"align-self:stretch;\"><div class=\"gallery f-carousel fc-diapo\" data-fancybox=\"gallery\"><figure class=\"gallery__item height-adapt\"><picture><source srcset=\"https:\/\/www.campingsaintevictoire.com\/wp-content\/uploads\/2025\/10\/00001038737-420x280.webp\" media=\"(max-width: 210px)\"><source srcset=\"https:\/\/www.campingsaintevictoire.com\/wp-content\/uploads\/2025\/10\/00001038737.webp\" media=\"(max-width: 420px)\"><source srcset=\"https:\/\/www.campingsaintevictoire.com\/wp-content\/uploads\/2025\/10\/00001038737-768x512.webp\" media=\"(max-width: 850px)\"><source srcset=\"https:\/\/www.campingsaintevictoire.com\/wp-content\/uploads\/2025\/10\/00001038737.webp\" media=\"(max-width: 1024px)\"><source srcset=\"https:\/\/www.campingsaintevictoire.com\/wp-content\/uploads\/2025\/10\/00001038737.webp\" media=\"(min-width: 1025px)\"><img decoding=\"async\" src=\"https:\/\/www.campingsaintevictoire.com\/wp-content\/uploads\/2025\/10\/00001038737-420x280.webp\" width=\"420\" height=\"210\" loading=\"lazy\" alt=\"\" title=\"\"><\/picture><\/figure><figure class=\"gallery__item height-adapt\"><picture><source srcset=\"https:\/\/www.campingsaintevictoire.com\/wp-content\/uploads\/2025\/10\/00001038734-336x420.webp\" media=\"(max-width: 210px)\"><source srcset=\"https:\/\/www.campingsaintevictoire.com\/wp-content\/uploads\/2025\/10\/00001038734.webp\" media=\"(max-width: 420px)\"><source srcset=\"https:\/\/www.campingsaintevictoire.com\/wp-content\/uploads\/2025\/10\/00001038734.webp\" media=\"(max-width: 850px)\"><source srcset=\"https:\/\/www.campingsaintevictoire.com\/wp-content\/uploads\/2025\/10\/00001038734.webp\" media=\"(max-width: 1024px)\"><source srcset=\"https:\/\/www.campingsaintevictoire.com\/wp-content\/uploads\/2025\/10\/00001038734.webp\" media=\"(min-width: 1025px)\"><img decoding=\"async\" src=\"https:\/\/www.campingsaintevictoire.com\/wp-content\/uploads\/2025\/10\/00001038734-336x420.webp\" width=\"420\" height=\"210\" loading=\"lazy\" alt=\"\" title=\"\"><\/picture><\/figure><\/div><\/div><\/div>\n\n<div class=\"columns reverse-mob align-full\"><div class=\"columns__item fade-right media\" style=\"align-self:stretch;\"><div class=\"gallery f-carousel fc-diapo\" data-fancybox=\"gallery\"><figure class=\"gallery__item height-adapt\"><picture><source srcset=\"https:\/\/www.campingsaintevictoire.com\/wp-content\/uploads\/2025\/10\/00001038735-280x420.webp\" media=\"(max-width: 210px)\"><source srcset=\"https:\/\/www.campingsaintevictoire.com\/wp-content\/uploads\/2025\/10\/00001038735.webp\" media=\"(max-width: 420px)\"><source srcset=\"https:\/\/www.campingsaintevictoire.com\/wp-content\/uploads\/2025\/10\/00001038735.webp\" media=\"(max-width: 850px)\"><source srcset=\"https:\/\/www.campingsaintevictoire.com\/wp-content\/uploads\/2025\/10\/00001038735.webp\" media=\"(max-width: 1024px)\"><source srcset=\"https:\/\/www.campingsaintevictoire.com\/wp-content\/uploads\/2025\/10\/00001038735.webp\" media=\"(min-width: 1025px)\"><img decoding=\"async\" src=\"https:\/\/www.campingsaintevictoire.com\/wp-content\/uploads\/2025\/10\/00001038735-280x420.webp\" width=\"420\" height=\"210\" loading=\"lazy\" alt=\"\" title=\"\"><\/picture><\/figure><figure class=\"gallery__item height-adapt\"><picture><source srcset=\"https:\/\/www.campingsaintevictoire.com\/wp-content\/uploads\/2025\/10\/00001038736-420x280.webp\" media=\"(max-width: 210px)\"><source srcset=\"https:\/\/www.campingsaintevictoire.com\/wp-content\/uploads\/2025\/10\/00001038736.webp\" media=\"(max-width: 420px)\"><source srcset=\"https:\/\/www.campingsaintevictoire.com\/wp-content\/uploads\/2025\/10\/00001038736-768x512.webp\" media=\"(max-width: 850px)\"><source srcset=\"https:\/\/www.campingsaintevictoire.com\/wp-content\/uploads\/2025\/10\/00001038736.webp\" media=\"(max-width: 1024px)\"><source srcset=\"https:\/\/www.campingsaintevictoire.com\/wp-content\/uploads\/2025\/10\/00001038736.webp\" media=\"(min-width: 1025px)\"><img decoding=\"async\" src=\"https:\/\/www.campingsaintevictoire.com\/wp-content\/uploads\/2025\/10\/00001038736-420x280.webp\" width=\"420\" height=\"210\" loading=\"lazy\" alt=\"\" title=\"\"><\/picture><\/figure><\/div><\/div><div class=\"columns__item fade-left texte\"><ul><li><strong>La garant\u00eda de una casa m\u00f3vil c\u00f3moda<\/strong>, funcional, bien equipada y con una agradable terraza gracias a nuestra selecci\u00f3n de modelos de un fabricante reconocido por su saber hacer;  \n<\/li><li><strong>La garant\u00eda de la tranquilidad <\/strong>con un contrato de alquiler de parcela a largo plazo con compromisos claros y precisos, incluidos los posibles aumentos de alquiler, cuyas condiciones se definen de antemano;\n<\/li><li><strong>La garant\u00eda de que podr\u00e1s alojar f\u00e1cilmente a tus seres queridos:<\/strong> la tarifa de alquiler de parcela es una tarifa plana basada en la capacidad para dormir de tu mobil-home. Por tanto, no hay costes adicionales cuando alojas a familiares o amigos incluidos en tu contrato;   \n<\/li><li><strong>Servicio garantizado<\/strong> con un equipo profesional disponible los 7 d\u00edas de la semana para responder a tus peticiones (parte del personal vive in situ);  \n<\/li><\/ul><p    >Nuestros residentes te lo explicar\u00edan mejor que nosotros: \u00abSer propietario de una casa m\u00f3vil en el camping Sainte Victoire es una experiencia sin preocupaciones, sin sorpresas y pr\u00e1cticamente sin mantenimiento. Es una elecci\u00f3n pr\u00e1ctica y econ\u00f3mica para pasar unas vacaciones satisfactorias con<span class=\"fc-span\">la familia<\/span> o los amigos\u00bb.<\/p><\/div><\/div>","protected":false},"excerpt":{"rendered":"<p>Piensa de forma diferente en tu segunda residencia y convi\u00e9rtete en propietario en el camping Sainte Victoire Pero m\u00e1s all\u00e1 de todas las cualidades que puede ofrecerte tu mobil-home, hemos querido ofrecerte una serie de garant\u00edas sobre las condiciones de su instalaci\u00f3n y utilizaci\u00f3n en nuestro sitio: Nuestros residentes te lo explicar\u00edan mejor que nosotros: [&hellip;]<\/p>\n","protected":false},"author":1,"featured_media":0,"parent":0,"menu_order":0,"comment_status":"open","ping_status":"open","template":"","meta":{"_acf_changed":false,"footnotes":""},"acf":[],"_links":{"self":[{"href":"https:\/\/www.campingsaintevictoire.com\/es\/wp-json\/wp\/v2\/pages\/1416"}],"collection":[{"href":"https:\/\/www.campingsaintevictoire.com\/es\/wp-json\/wp\/v2\/pages"}],"about":[{"href":"https:\/\/www.campingsaintevictoire.com\/es\/wp-json\/wp\/v2\/types\/page"}],"author":[{"embeddable":true,"href":"https:\/\/www.campingsaintevictoire.com\/es\/wp-json\/wp\/v2\/users\/1"}],"replies":[{"embeddable":true,"href":"https:\/\/www.campingsaintevictoire.com\/es\/wp-json\/wp\/v2\/comments?post=1416"}],"version-history":[{"count":5,"href":"https:\/\/www.campingsaintevictoire.com\/es\/wp-json\/wp\/v2\/pages\/1416\/revisions"}],"predecessor-version":[{"id":1883,"href":"https:\/\/www.campingsaintevictoire.com\/es\/wp-json\/wp\/v2\/pages\/1416\/revisions\/1883"}],"wp:attachment":[{"href":"https:\/\/www.campingsaintevictoire.com\/es\/wp-json\/wp\/v2\/media?parent=1416"}],"curies":[{"name":"wp","href":"https:\/\/api.w.org\/{rel}","templated":true}]}}