{"id":1404,"date":"2025-10-17T16:28:18","date_gmt":"2025-10-17T14:28:18","guid":{"rendered":"https:\/\/www.campingsaintevictoire.com\/natacion\/"},"modified":"2025-12-03T09:22:42","modified_gmt":"2025-12-03T08:22:42","slug":"natacion","status":"publish","type":"page","link":"https:\/\/www.campingsaintevictoire.com\/es\/natacion\/","title":{"rendered":"Nataci\u00f3n"},"content":{"rendered":"<div class=\"diaporama-header align-full\"><div class=\"gallery\"><figure class=\"gallery__item\"><picture><source srcset=\"https:\/\/www.campingsaintevictoire.com\/wp-content\/uploads\/2025\/10\/553054118-1-420x189.webp\" media=\"(max-width: 210px)\"><source srcset=\"https:\/\/www.campingsaintevictoire.com\/wp-content\/uploads\/2025\/10\/553054118-1-850x383.webp\" media=\"(max-width: 420px)\"><source srcset=\"https:\/\/www.campingsaintevictoire.com\/wp-content\/uploads\/2025\/10\/553054118-1-768x346.webp\" media=\"(max-width: 850px)\"><source srcset=\"https:\/\/www.campingsaintevictoire.com\/wp-content\/uploads\/2025\/10\/553054118-1-1024x462.webp\" media=\"(max-width: 1024px)\"><source srcset=\"https:\/\/www.campingsaintevictoire.com\/wp-content\/uploads\/2025\/10\/553054118-1.webp\" media=\"(min-width: 1025px)\"><img loading=\"lazy\" decoding=\"async\" src=\"https:\/\/www.campingsaintevictoire.com\/wp-content\/uploads\/2025\/10\/553054118-1-420x189.webp\" width=\"420\" height=\"210\" alt=\"\" title=\"\"><\/picture><\/figure><\/div><div class=\"diaporama-header__inner\"><\/div><\/div><div class=\"columns mob gap-y-5 align-full\"><div class=\"columns__item fade-left texte\"><h1 class=\"h1\">Una piscina para relajarse <span class=\"fc-span\">tranquilamente<\/span><\/h1><p    >Reg\u00e1late un momento de pura relajaci\u00f3n en la piscina exterior del camping, abierta en temporada de 11 a 19 h. Aut\u00e9ntico espacio de calma y bienestar, te recibe con sus suaves escalones que recorren toda la anchura de la piscina para entrar c\u00f3modamente en el agua. Alrededor de la piscina, tumbonas y p\u00e9rgolas te invitan a tomar el sol o a relajarte a la sombra, en un ambiente tranquilo a los pies de Sainte-Victoire.  <\/p><div class=\"lireplus fc-desk\"><p    >Leer m\u00e1s<\/p><div class=\"group\"><p    >Por respeto a todos, s\u00f3lo se permite el uso <strong>de ba\u00f1adores ce\u00f1idos<\/strong>; no se permite el uso de pantalones cortos, bermudas, calzoncillos y prendas similares. El acceso a la piscina est\u00e1 reservado exclusivamente a los campistas por razones de seguridad y seguro.<\/p><\/div><\/div><\/div><div class=\"columns__item fade-right media\" style=\"align-self:stretch;\"><figure class=\"height-adapt\"><picture><source srcset=\"https:\/\/www.campingsaintevictoire.com\/wp-content\/uploads\/2025\/10\/513827837_122109724124913421_5238943743309358990_n-1-315x420.webp\" media=\"(max-width: 210px)\"><source srcset=\"https:\/\/www.campingsaintevictoire.com\/wp-content\/uploads\/2025\/10\/513827837_122109724124913421_5238943743309358990_n-1-638x850.webp\" media=\"(max-width: 420px)\"><source srcset=\"https:\/\/www.campingsaintevictoire.com\/wp-content\/uploads\/2025\/10\/513827837_122109724124913421_5238943743309358990_n-1-768x1024.webp\" media=\"(max-width: 850px)\"><source srcset=\"https:\/\/www.campingsaintevictoire.com\/wp-content\/uploads\/2025\/10\/513827837_122109724124913421_5238943743309358990_n-1-768x1024.webp\" media=\"(max-width: 1024px)\"><source srcset=\"https:\/\/www.campingsaintevictoire.com\/wp-content\/uploads\/2025\/10\/513827837_122109724124913421_5238943743309358990_n-1.webp\" media=\"(min-width: 1025px)\"><img decoding=\"async\" src=\"https:\/\/www.campingsaintevictoire.com\/wp-content\/uploads\/2025\/10\/513827837_122109724124913421_5238943743309358990_n-1-315x420.webp\" width=\"420\" height=\"210\" loading=\"lazy\" alt=\"\" title=\"\"><\/picture><\/figure><\/div><\/div><div class=\"columns reverse-mob has-marron-clair-bg-color has-bg align-full\" style=\"background-color:var(--marron-clair);\"><div class=\"columns__item fade-right media\" style=\"align-self:stretch;\"><figure class=\"height-adapt\"><picture><source srcset=\"https:\/\/www.campingsaintevictoire.com\/wp-content\/uploads\/2025\/10\/camping-sainte-victoire-beaurecueil-a-8km-4411172_5-420x315.webp\" media=\"(max-width: 210px)\"><source srcset=\"https:\/\/www.campingsaintevictoire.com\/wp-content\/uploads\/2025\/10\/camping-sainte-victoire-beaurecueil-a-8km-4411172_5-850x638.webp\" media=\"(max-width: 420px)\"><source srcset=\"https:\/\/www.campingsaintevictoire.com\/wp-content\/uploads\/2025\/10\/camping-sainte-victoire-beaurecueil-a-8km-4411172_5-768x576.webp\" media=\"(max-width: 850px)\"><source srcset=\"https:\/\/www.campingsaintevictoire.com\/wp-content\/uploads\/2025\/10\/camping-sainte-victoire-beaurecueil-a-8km-4411172_5.webp\" media=\"(max-width: 1024px)\"><source srcset=\"https:\/\/www.campingsaintevictoire.com\/wp-content\/uploads\/2025\/10\/camping-sainte-victoire-beaurecueil-a-8km-4411172_5.webp\" media=\"(min-width: 1025px)\"><img decoding=\"async\" src=\"https:\/\/www.campingsaintevictoire.com\/wp-content\/uploads\/2025\/10\/camping-sainte-victoire-beaurecueil-a-8km-4411172_5-420x315.webp\" width=\"420\" height=\"210\" loading=\"lazy\" alt=\"\" title=\"\"><\/picture><\/figure><\/div><div class=\"columns__item fade-left texte\"><h2 class=\"h1\">Refresco y naturaleza <span class=\"fc-span\">junto al arroyo<\/span><\/h2><p    >Adem\u00e1s de la piscina, tambi\u00e9n podr\u00e1s disfrutar del relajante entorno natural a orillas del peque\u00f1o arroyo \u00abLe Bayon\u00bb, que bordea la parte baja del camping. Un lugar ideal para recargarte y refrescarte, con tumbonas y una ducha exterior. Aqu\u00ed, la naturaleza se vive con sencillez, al ritmo del agua y del canto de las cigarras.<\/p><\/div><\/div>","protected":false},"excerpt":{"rendered":"<p>Una piscina para relajarse tranquilamente Reg\u00e1late un momento de pura relajaci\u00f3n en la piscina exterior del camping, abierta en temporada de 11 a 19 h. Aut\u00e9ntico espacio de calma y bienestar, te recibe con sus suaves escalones que recorren toda la anchura de la piscina para entrar c\u00f3modamente en el agua. Alrededor de la piscina, [&hellip;]<\/p>\n","protected":false},"author":1,"featured_media":0,"parent":0,"menu_order":0,"comment_status":"open","ping_status":"open","template":"","meta":{"_acf_changed":false,"footnotes":""},"acf":[],"_links":{"self":[{"href":"https:\/\/www.campingsaintevictoire.com\/es\/wp-json\/wp\/v2\/pages\/1404"}],"collection":[{"href":"https:\/\/www.campingsaintevictoire.com\/es\/wp-json\/wp\/v2\/pages"}],"about":[{"href":"https:\/\/www.campingsaintevictoire.com\/es\/wp-json\/wp\/v2\/types\/page"}],"author":[{"embeddable":true,"href":"https:\/\/www.campingsaintevictoire.com\/es\/wp-json\/wp\/v2\/users\/1"}],"replies":[{"embeddable":true,"href":"https:\/\/www.campingsaintevictoire.com\/es\/wp-json\/wp\/v2\/comments?post=1404"}],"version-history":[{"count":2,"href":"https:\/\/www.campingsaintevictoire.com\/es\/wp-json\/wp\/v2\/pages\/1404\/revisions"}],"predecessor-version":[{"id":1406,"href":"https:\/\/www.campingsaintevictoire.com\/es\/wp-json\/wp\/v2\/pages\/1404\/revisions\/1406"}],"wp:attachment":[{"href":"https:\/\/www.campingsaintevictoire.com\/es\/wp-json\/wp\/v2\/media?parent=1404"}],"curies":[{"name":"wp","href":"https:\/\/api.w.org\/{rel}","templated":true}]}}