{"id":1382,"date":"2025-10-17T16:28:18","date_gmt":"2025-10-17T14:28:18","guid":{"rendered":"https:\/\/www.campingsaintevictoire.com\/alojamiento\/"},"modified":"2026-04-09T10:35:40","modified_gmt":"2026-04-09T08:35:40","slug":"alojamiento","status":"publish","type":"page","link":"https:\/\/www.campingsaintevictoire.com\/es\/alojamiento\/","title":{"rendered":"Alojamiento"},"content":{"rendered":"<div class=\"diaporama-header align-full\"><div class=\"gallery\"><figure class=\"gallery__item\"><picture><source srcset=\"https:\/\/www.campingsaintevictoire.com\/wp-content\/uploads\/2025\/10\/AdobeStock_242157985-420x238.webp\" media=\"(max-width: 210px)\"><source srcset=\"https:\/\/www.campingsaintevictoire.com\/wp-content\/uploads\/2025\/10\/AdobeStock_242157985-850x481.webp\" media=\"(max-width: 420px)\"><source srcset=\"https:\/\/www.campingsaintevictoire.com\/wp-content\/uploads\/2025\/10\/AdobeStock_242157985-768x435.webp\" media=\"(max-width: 850px)\"><source srcset=\"https:\/\/www.campingsaintevictoire.com\/wp-content\/uploads\/2025\/10\/AdobeStock_242157985-1024x580.webp\" media=\"(max-width: 1024px)\"><source srcset=\"https:\/\/www.campingsaintevictoire.com\/wp-content\/uploads\/2025\/10\/AdobeStock_242157985.webp\" media=\"(min-width: 1025px)\"><img loading=\"lazy\" decoding=\"async\" src=\"https:\/\/www.campingsaintevictoire.com\/wp-content\/uploads\/2025\/10\/AdobeStock_242157985-420x238.webp\" width=\"420\" height=\"210\" alt=\"\" title=\"\"><\/picture><\/figure><\/div><div class=\"diaporama-header__inner\"><\/div><\/div><div class=\"columns reverse-mob align-full\"><div class=\"columns__item fade-left media\" style=\"align-self:stretch;\"><div class=\"gallery f-carousel fc-diapo\" data-fancybox=\"gallery\"><figure class=\"gallery__item height-adapt\"><picture><source srcset=\"https:\/\/www.campingsaintevictoire.com\/wp-content\/uploads\/2025\/11\/IMG_3210-315x420.webp\" media=\"(max-width: 210px)\"><source srcset=\"https:\/\/www.campingsaintevictoire.com\/wp-content\/uploads\/2025\/11\/IMG_3210.webp\" media=\"(max-width: 420px)\"><source srcset=\"https:\/\/www.campingsaintevictoire.com\/wp-content\/uploads\/2025\/11\/IMG_3210.webp\" media=\"(max-width: 850px)\"><source srcset=\"https:\/\/www.campingsaintevictoire.com\/wp-content\/uploads\/2025\/11\/IMG_3210.webp\" media=\"(max-width: 1024px)\"><source srcset=\"https:\/\/www.campingsaintevictoire.com\/wp-content\/uploads\/2025\/11\/IMG_3210.webp\" media=\"(min-width: 1025px)\"><img decoding=\"async\" src=\"https:\/\/www.campingsaintevictoire.com\/wp-content\/uploads\/2025\/11\/IMG_3210-315x420.webp\" width=\"420\" height=\"210\" loading=\"lazy\" alt=\"\" title=\"\"><\/picture><\/figure><figure class=\"gallery__item height-adapt\"><picture><source srcset=\"https:\/\/www.campingsaintevictoire.com\/wp-content\/uploads\/2025\/11\/IMG_3204-420x204.webp\" media=\"(max-width: 210px)\"><source srcset=\"https:\/\/www.campingsaintevictoire.com\/wp-content\/uploads\/2025\/11\/IMG_3204.webp\" media=\"(max-width: 420px)\"><source srcset=\"https:\/\/www.campingsaintevictoire.com\/wp-content\/uploads\/2025\/11\/IMG_3204.webp\" media=\"(max-width: 850px)\"><source srcset=\"https:\/\/www.campingsaintevictoire.com\/wp-content\/uploads\/2025\/11\/IMG_3204.webp\" media=\"(max-width: 1024px)\"><source srcset=\"https:\/\/www.campingsaintevictoire.com\/wp-content\/uploads\/2025\/11\/IMG_3204.webp\" media=\"(min-width: 1025px)\"><img decoding=\"async\" src=\"https:\/\/www.campingsaintevictoire.com\/wp-content\/uploads\/2025\/11\/IMG_3204-420x204.webp\" width=\"420\" height=\"210\" loading=\"lazy\" alt=\"\" title=\"\"><\/picture><\/figure><figure class=\"gallery__item height-adapt\"><picture><source srcset=\"https:\/\/www.campingsaintevictoire.com\/wp-content\/uploads\/2025\/11\/IMG_3212-315x420.webp\" media=\"(max-width: 210px)\"><source srcset=\"https:\/\/www.campingsaintevictoire.com\/wp-content\/uploads\/2025\/11\/IMG_3212.webp\" media=\"(max-width: 420px)\"><source srcset=\"https:\/\/www.campingsaintevictoire.com\/wp-content\/uploads\/2025\/11\/IMG_3212.webp\" media=\"(max-width: 850px)\"><source srcset=\"https:\/\/www.campingsaintevictoire.com\/wp-content\/uploads\/2025\/11\/IMG_3212.webp\" media=\"(max-width: 1024px)\"><source srcset=\"https:\/\/www.campingsaintevictoire.com\/wp-content\/uploads\/2025\/11\/IMG_3212.webp\" media=\"(min-width: 1025px)\"><img decoding=\"async\" src=\"https:\/\/www.campingsaintevictoire.com\/wp-content\/uploads\/2025\/11\/IMG_3212-315x420.webp\" width=\"420\" height=\"210\" loading=\"lazy\" alt=\"\" title=\"\"><\/picture><\/figure><\/div><\/div><div class=\"columns__item fade-right texte\"><h1>Casa m\u00f3vil <span class=\"fc-span\">Grand Confort<\/span><\/h1><p    >La casa m\u00f3vil \u00abGrand Confort\u00bb tiene capacidad para hasta 4 personas en un espacio dise\u00f1ado para el bienestar y la convivencia. Cuenta con dos dormitorios, un sal\u00f3n luminoso y una terraza exterior, ideal para disfrutar de comidas al aire libre o de tranquilas veladas bajo el cielo provenzal. <\/p><div class=\"lireplus fc-mob\"><p    >Leer m\u00e1s<\/p><div class=\"group\"><p    >Ideal para familias o parejas, este alojamiento combina el confort moderno con el contacto con la naturaleza, ofreciendo una estancia c\u00f3moda y relajante en el coraz\u00f3n del camping.<\/p><\/div><\/div><div class=\"buttons\"><span class=\"buttons__btn btn-resa\">Libro<\/span><\/div><\/div><\/div><div class=\"columns has-marron-clair-bg-color has-bg align-full\" style=\"background-color:var(--marron-clair);\"><div class=\"columns__item fade-left texte\"><h2 class=\"h1\">Camp-\u00c9toile:<span class=\"fc-span\"> la experiencia glamping<\/span><\/h2><p    >Le Camp-\u00c9toile ofrece una experiencia \u00fanica para los amantes de la naturaleza. Estas caba\u00f1as sobre pilotes combinan comodidad y originalidad, lo que permite disfrutar de una estancia ins\u00f3lita en un entorno cuidadosamente acondicionado. <\/p><div class=\"lireplus fc-mob\"><p    >Leer m\u00e1s<\/p><div class=\"group\"><p    >Desde tu terraza, admira el paisaje que te rodea y d\u00e9jate llevar por la tranquilidad y la belleza del lugar. Ideal para unas vacaciones en familia o con amigos, este tipo de alojamiento te ofrece un toque de aventura sin renunciar a la comodidad. <\/p><\/div><\/div><\/div><div class=\"columns__item fade-right media\" style=\"align-self:stretch;\"><figure class=\"height-adapt\"><picture><source srcset=\"https:\/\/www.campingsaintevictoire.com\/wp-content\/uploads\/2025\/10\/00000406584-420x315.webp\" media=\"(max-width: 210px)\"><source srcset=\"https:\/\/www.campingsaintevictoire.com\/wp-content\/uploads\/2025\/10\/00000406584-850x638.webp\" media=\"(max-width: 420px)\"><source srcset=\"https:\/\/www.campingsaintevictoire.com\/wp-content\/uploads\/2025\/10\/00000406584-768x576.webp\" media=\"(max-width: 850px)\"><source srcset=\"https:\/\/www.campingsaintevictoire.com\/wp-content\/uploads\/2025\/10\/00000406584-1024x768.webp\" media=\"(max-width: 1024px)\"><source srcset=\"https:\/\/www.campingsaintevictoire.com\/wp-content\/uploads\/2025\/10\/00000406584.webp\" media=\"(min-width: 1025px)\"><img decoding=\"async\" src=\"https:\/\/www.campingsaintevictoire.com\/wp-content\/uploads\/2025\/10\/00000406584-420x315.webp\" width=\"420\" height=\"210\" loading=\"lazy\" alt=\"\" title=\"\"><\/picture><\/figure><\/div><\/div><div class=\"columns reverse-mob align-full\"><div class=\"columns__item fade-left media\" style=\"align-self:stretch;\"><figure class=\"height-adapt\"><picture><source srcset=\"\" media=\"(max-width: 210px)\"><source srcset=\"\" media=\"(max-width: 420px)\"><source srcset=\"\" media=\"(max-width: 850px)\"><source srcset=\"\" media=\"(max-width: 1024px)\"><source srcset=\"\" media=\"(min-width: 1025px)\"><img decoding=\"async\" src=\"\" width=\"420\" height=\"210\" loading=\"lazy\" alt=\"\" title=\"\"><\/picture><\/figure><\/div><div class=\"columns__item fade-right texte\"><h2 class=\"h1\">Caba\u00f1a hobbit: una <span class=\"fc-span\">estancia m\u00e1gica<\/span><\/h2><p    >Sum\u00e9rgete en el m\u00e1gico mundo de la Caba\u00f1a Hobbit, una peque\u00f1a y encantadora casita redonda inspirada en los cuentos fant\u00e1sticos. Dise\u00f1ada para acoger a parejas o familias con uno o dos ni\u00f1os, ofrece un espacio acogedor y c\u00e1lido, perfectamente integrado en la naturaleza circundante. <\/p><div class=\"lireplus fc-mob\"><p    >Leer m\u00e1s<\/p><div class=\"group\"><p    >Con su terraza privada y su ambiente \u00fanico, la Caba\u00f1a Hobbit convierte tu estancia en una aut\u00e9ntica escapada m\u00e1gica, entre el descanso y el asombro.<\/p><\/div><\/div><\/div><\/div>","protected":false},"excerpt":{"rendered":"<p>Casa m\u00f3vil Grand Confort La casa m\u00f3vil \u00abGrand Confort\u00bb tiene capacidad para hasta 4 personas en un espacio dise\u00f1ado para el bienestar y la convivencia. Cuenta con dos dormitorios, un sal\u00f3n luminoso y una terraza exterior, ideal para disfrutar de comidas al aire libre o de tranquilas veladas bajo el cielo provenzal. Camp-\u00c9toile: la experiencia [&hellip;]<\/p>\n","protected":false},"author":1,"featured_media":0,"parent":0,"menu_order":0,"comment_status":"open","ping_status":"open","template":"","meta":{"_acf_changed":false,"footnotes":""},"acf":[],"_links":{"self":[{"href":"https:\/\/www.campingsaintevictoire.com\/es\/wp-json\/wp\/v2\/pages\/1382"}],"collection":[{"href":"https:\/\/www.campingsaintevictoire.com\/es\/wp-json\/wp\/v2\/pages"}],"about":[{"href":"https:\/\/www.campingsaintevictoire.com\/es\/wp-json\/wp\/v2\/types\/page"}],"author":[{"embeddable":true,"href":"https:\/\/www.campingsaintevictoire.com\/es\/wp-json\/wp\/v2\/users\/1"}],"replies":[{"embeddable":true,"href":"https:\/\/www.campingsaintevictoire.com\/es\/wp-json\/wp\/v2\/comments?post=1382"}],"version-history":[{"count":4,"href":"https:\/\/www.campingsaintevictoire.com\/es\/wp-json\/wp\/v2\/pages\/1382\/revisions"}],"predecessor-version":[{"id":1931,"href":"https:\/\/www.campingsaintevictoire.com\/es\/wp-json\/wp\/v2\/pages\/1382\/revisions\/1931"}],"wp:attachment":[{"href":"https:\/\/www.campingsaintevictoire.com\/es\/wp-json\/wp\/v2\/media?parent=1382"}],"curies":[{"name":"wp","href":"https:\/\/api.w.org\/{rel}","templated":true}]}}