{"id":1364,"date":"2025-10-17T16:28:18","date_gmt":"2025-10-17T14:28:18","guid":{"rendered":"https:\/\/www.campingsaintevictoire.com\/localizaciones\/"},"modified":"2026-02-06T12:23:50","modified_gmt":"2026-02-06T11:23:50","slug":"localizaciones","status":"publish","type":"page","link":"https:\/\/www.campingsaintevictoire.com\/es\/localizaciones\/","title":{"rendered":"Localizaciones"},"content":{"rendered":"<div class=\"diaporama-header align-full\"><div class=\"gallery\"><figure class=\"gallery__item\"><picture><source srcset=\"\" media=\"(max-width: 210px)\"><source srcset=\"\" media=\"(max-width: 420px)\"><source srcset=\"\" media=\"(max-width: 850px)\"><source srcset=\"\" media=\"(max-width: 1024px)\"><source srcset=\"\" media=\"(min-width: 1025px)\"><img loading=\"lazy\" decoding=\"async\" src=\"\" width=\"420\" height=\"210\" alt=\"\" title=\"\"><\/picture><\/figure><\/div><div class=\"diaporama-header__inner\"><\/div><\/div>\n\n<div class=\"columns reverse-mob align-full\"><div class=\"columns__item fade-left media\" style=\"align-self:stretch;\"><figure class=\"height-adapt\"><picture><source srcset=\"https:\/\/www.campingsaintevictoire.com\/wp-content\/uploads\/2025\/10\/577821218-420x315.webp\" media=\"(max-width: 210px)\"><source srcset=\"https:\/\/www.campingsaintevictoire.com\/wp-content\/uploads\/2025\/10\/577821218-850x638.webp\" media=\"(max-width: 420px)\"><source srcset=\"https:\/\/www.campingsaintevictoire.com\/wp-content\/uploads\/2025\/10\/577821218-768x576.webp\" media=\"(max-width: 850px)\"><source srcset=\"https:\/\/www.campingsaintevictoire.com\/wp-content\/uploads\/2025\/10\/577821218.webp\" media=\"(max-width: 1024px)\"><source srcset=\"https:\/\/www.campingsaintevictoire.com\/wp-content\/uploads\/2025\/10\/577821218.webp\" media=\"(min-width: 1025px)\"><img decoding=\"async\" src=\"https:\/\/www.campingsaintevictoire.com\/wp-content\/uploads\/2025\/10\/577821218-420x315.webp\" width=\"420\" height=\"210\" style=\"object-fit:cover;\" loading=\"lazy\" alt=\"\" title=\"\"><\/picture><\/figure><\/div><div class=\"columns__item fade-right texte\"><h1>Tu pied-\u00e0-terre <span class=\"fc-span\">m\u00f3vil en plena naturaleza<\/span><\/h1><p    >Este paquete est\u00e1 dise\u00f1ado para propietarios de caravanas, autocaravanas o furgonetas. Incluye una parcela espaciosa con conexi\u00f3n el\u00e9ctrica de 6 a 10 A, adaptada a tus necesidades. Disfruta de una estancia c\u00f3moda y pr\u00e1ctica, con todo el espacio que necesites para tu veh\u00edculo y tus instalaciones, sin dejar de estar cerca de la belleza natural de la Monta\u00f1a Sainte-Victoire.<\/p><div class=\"buttons\"><span class=\"buttons__btn btn-resa is-style-resa\" style=\"background-color:var(--vert);color:var(--blanc);\">Libro<\/span><\/div><\/div><\/div>\n\n<div class=\"columns reverse-mob has-marron-clair-bg-color has-bg align-full\" style=\"background-color:var(--marron-clair);\"><div class=\"columns__item fade-left texte\"><h2 class=\"h1 span-blanc\" style=\"color: var(--blanc);\">Acampa bajo las estrellas, <span class=\"fc-span\">con o sin electricidad<\/span><\/h2><p  style=\"color: var(--blanc);\"  >Vive la experiencia de acampar a tu ritmo, en plena naturaleza, al pie de la Monta\u00f1a Sainte-Victoire. Nuestras parcelas para tiendas ofrecen <strong>autenticidad y comodidad<\/strong>. Para los que prefieren la sencillez, opta por el paquete sin electricidad y disfruta de una zona espaciosa y sombreada, perfecta para una estancia relajante cerca de la naturaleza. Si quieres seguir conectado o utilizar tu equipo moderno, el paquete con electricidad te permite recargar tus dispositivos y disfrutar de tu comodidad mientras permaneces inmerso en este excepcional entorno natural.   <\/p><\/div><div class=\"columns__item fade-right media\" style=\"align-self:stretch;\"><figure><picture><source srcset=\"https:\/\/www.campingsaintevictoire.com\/wp-content\/uploads\/2025\/10\/577826147-420x315.webp\" media=\"(max-width: 210px)\"><source srcset=\"https:\/\/www.campingsaintevictoire.com\/wp-content\/uploads\/2025\/10\/577826147-850x638.webp\" media=\"(max-width: 420px)\"><source srcset=\"https:\/\/www.campingsaintevictoire.com\/wp-content\/uploads\/2025\/10\/577826147-768x576.webp\" media=\"(max-width: 850px)\"><source srcset=\"https:\/\/www.campingsaintevictoire.com\/wp-content\/uploads\/2025\/10\/577826147.webp\" media=\"(max-width: 1024px)\"><source srcset=\"https:\/\/www.campingsaintevictoire.com\/wp-content\/uploads\/2025\/10\/577826147.webp\" media=\"(min-width: 1025px)\"><img decoding=\"async\" src=\"https:\/\/www.campingsaintevictoire.com\/wp-content\/uploads\/2025\/10\/577826147-420x315.webp\" width=\"420\" height=\"210\" loading=\"lazy\" alt=\"\" title=\"\"><\/picture><\/figure><\/div><\/div>\n\n<div class=\"cover reverse-mob align-full\"><picture class=\"cover__img\"><source srcset=\"https:\/\/www.campingsaintevictoire.com\/wp-content\/uploads\/2025\/10\/texture_piscine-1-420x119.webp\" media=\"(max-width: 210px)\"><source srcset=\"https:\/\/www.campingsaintevictoire.com\/wp-content\/uploads\/2025\/10\/texture_piscine-1-850x241.webp\" media=\"(max-width: 420px)\"><source srcset=\"https:\/\/www.campingsaintevictoire.com\/wp-content\/uploads\/2025\/10\/texture_piscine-1-768x218.webp\" media=\"(max-width: 850px)\"><source srcset=\"https:\/\/www.campingsaintevictoire.com\/wp-content\/uploads\/2025\/10\/texture_piscine-1-1024x291.webp\" media=\"(max-width: 1024px)\"><source srcset=\"https:\/\/www.campingsaintevictoire.com\/wp-content\/uploads\/2025\/10\/texture_piscine-1.webp\" media=\"(min-width: 1025px)\"><img decoding=\"async\" src=\"https:\/\/www.campingsaintevictoire.com\/wp-content\/uploads\/2025\/10\/texture_piscine-1-420x119.webp\" width=\"420\" height=\"210\" loading=\"lazy\" alt=\"\" title=\"\"><\/picture><div class=\"cover__inner\"><p class=\"wording center\" style=\"text-align: center;\"  >Elige tu rinc\u00f3n del para\u00edso e inst\u00e1late<\/p><p class=\"wording-just center\" style=\"text-align: center;\"  >c\u00f3modamente en plena naturaleza<\/p><\/div><\/div>\n\n<div class=\"columns reverse-mob gap-y-5 align-full\"><div class=\"columns__item fade-right media\" style=\"align-self:stretch;\"><figure class=\"height-adapt\"><picture><source srcset=\"https:\/\/www.campingsaintevictoire.com\/wp-content\/uploads\/2025\/10\/00000985941-420x315.webp\" media=\"(max-width: 210px)\"><source srcset=\"https:\/\/www.campingsaintevictoire.com\/wp-content\/uploads\/2025\/10\/00000985941-850x638.webp\" media=\"(max-width: 420px)\"><source srcset=\"https:\/\/www.campingsaintevictoire.com\/wp-content\/uploads\/2025\/10\/00000985941-768x576.webp\" media=\"(max-width: 850px)\"><source srcset=\"https:\/\/www.campingsaintevictoire.com\/wp-content\/uploads\/2025\/10\/00000985941-1024x768.webp\" media=\"(max-width: 1024px)\"><source srcset=\"https:\/\/www.campingsaintevictoire.com\/wp-content\/uploads\/2025\/10\/00000985941.webp\" media=\"(min-width: 1025px)\"><img decoding=\"async\" src=\"https:\/\/www.campingsaintevictoire.com\/wp-content\/uploads\/2025\/10\/00000985941-420x315.webp\" width=\"420\" height=\"210\" loading=\"lazy\" alt=\"\" title=\"\"><\/picture><\/figure><\/div><div class=\"columns__item fade-left texte\"><h2 class=\"h1\">Escapada activa: <span class=\"fc-span\">ciclistas y senderistas<\/span><\/h2><p    >Dise\u00f1ado para ciclistas y excursionistas, este paquete ofrece una parcela que se adapta a tu estilo de viaje. Incluye una parcela para tienda, sin electricidad, y est\u00e1 dise\u00f1ada para acoger a los viajeros de paso. Una opci\u00f3n ideal para quienes exploran la regi\u00f3n en bicicleta o a pie.  <\/p><\/div><\/div>","protected":false},"excerpt":{"rendered":"<p>Tu pied-\u00e0-terre m\u00f3vil en plena naturaleza Este paquete est\u00e1 dise\u00f1ado para propietarios de caravanas, autocaravanas o furgonetas. Incluye una parcela espaciosa con conexi\u00f3n el\u00e9ctrica de 6 a 10 A, adaptada a tus necesidades. Disfruta de una estancia c\u00f3moda y pr\u00e1ctica, con todo el espacio que necesites para tu veh\u00edculo y tus instalaciones, sin dejar de [&hellip;]<\/p>\n","protected":false},"author":1,"featured_media":0,"parent":0,"menu_order":0,"comment_status":"open","ping_status":"open","template":"","meta":{"_acf_changed":false,"footnotes":""},"acf":[],"_links":{"self":[{"href":"https:\/\/www.campingsaintevictoire.com\/es\/wp-json\/wp\/v2\/pages\/1364"}],"collection":[{"href":"https:\/\/www.campingsaintevictoire.com\/es\/wp-json\/wp\/v2\/pages"}],"about":[{"href":"https:\/\/www.campingsaintevictoire.com\/es\/wp-json\/wp\/v2\/types\/page"}],"author":[{"embeddable":true,"href":"https:\/\/www.campingsaintevictoire.com\/es\/wp-json\/wp\/v2\/users\/1"}],"replies":[{"embeddable":true,"href":"https:\/\/www.campingsaintevictoire.com\/es\/wp-json\/wp\/v2\/comments?post=1364"}],"version-history":[{"count":4,"href":"https:\/\/www.campingsaintevictoire.com\/es\/wp-json\/wp\/v2\/pages\/1364\/revisions"}],"predecessor-version":[{"id":1888,"href":"https:\/\/www.campingsaintevictoire.com\/es\/wp-json\/wp\/v2\/pages\/1364\/revisions\/1888"}],"wp:attachment":[{"href":"https:\/\/www.campingsaintevictoire.com\/es\/wp-json\/wp\/v2\/media?parent=1364"}],"curies":[{"name":"wp","href":"https:\/\/api.w.org\/{rel}","templated":true}]}}