{"id":1397,"date":"2025-10-17T16:28:18","date_gmt":"2025-10-17T14:28:18","guid":{"rendered":"https:\/\/www.campingsaintevictoire.com\/lodgings\/"},"modified":"2026-04-09T10:33:29","modified_gmt":"2026-04-09T08:33:29","slug":"lodgings","status":"publish","type":"page","link":"https:\/\/www.campingsaintevictoire.com\/en\/lodgings\/","title":{"rendered":"Lodgings"},"content":{"rendered":"<div class=\"diaporama-header align-full\"><div class=\"gallery\"><figure class=\"gallery__item\"><picture><source srcset=\"https:\/\/www.campingsaintevictoire.com\/wp-content\/uploads\/2025\/10\/AdobeStock_242157985-420x238.webp\" media=\"(max-width: 210px)\"><source srcset=\"https:\/\/www.campingsaintevictoire.com\/wp-content\/uploads\/2025\/10\/AdobeStock_242157985-850x481.webp\" media=\"(max-width: 420px)\"><source srcset=\"https:\/\/www.campingsaintevictoire.com\/wp-content\/uploads\/2025\/10\/AdobeStock_242157985-768x435.webp\" media=\"(max-width: 850px)\"><source srcset=\"https:\/\/www.campingsaintevictoire.com\/wp-content\/uploads\/2025\/10\/AdobeStock_242157985-1024x580.webp\" media=\"(max-width: 1024px)\"><source srcset=\"https:\/\/www.campingsaintevictoire.com\/wp-content\/uploads\/2025\/10\/AdobeStock_242157985.webp\" media=\"(min-width: 1025px)\"><img loading=\"lazy\" decoding=\"async\" src=\"https:\/\/www.campingsaintevictoire.com\/wp-content\/uploads\/2025\/10\/AdobeStock_242157985-420x238.webp\" width=\"420\" height=\"210\" alt=\"\" title=\"\"><\/picture><\/figure><\/div><div class=\"diaporama-header__inner\"><\/div><\/div><div class=\"columns reverse-mob align-full\"><div class=\"columns__item fade-left media\" style=\"align-self:stretch;\"><div class=\"gallery f-carousel fc-diapo\" data-fancybox=\"gallery\"><figure class=\"gallery__item height-adapt\"><picture><source srcset=\"https:\/\/www.campingsaintevictoire.com\/wp-content\/uploads\/2025\/11\/IMG_3210-315x420.webp\" media=\"(max-width: 210px)\"><source srcset=\"https:\/\/www.campingsaintevictoire.com\/wp-content\/uploads\/2025\/11\/IMG_3210.webp\" media=\"(max-width: 420px)\"><source srcset=\"https:\/\/www.campingsaintevictoire.com\/wp-content\/uploads\/2025\/11\/IMG_3210.webp\" media=\"(max-width: 850px)\"><source srcset=\"https:\/\/www.campingsaintevictoire.com\/wp-content\/uploads\/2025\/11\/IMG_3210.webp\" media=\"(max-width: 1024px)\"><source srcset=\"https:\/\/www.campingsaintevictoire.com\/wp-content\/uploads\/2025\/11\/IMG_3210.webp\" media=\"(min-width: 1025px)\"><img decoding=\"async\" src=\"https:\/\/www.campingsaintevictoire.com\/wp-content\/uploads\/2025\/11\/IMG_3210-315x420.webp\" width=\"420\" height=\"210\" loading=\"lazy\" alt=\"\" title=\"\"><\/picture><\/figure><figure class=\"gallery__item height-adapt\"><picture><source srcset=\"https:\/\/www.campingsaintevictoire.com\/wp-content\/uploads\/2025\/11\/IMG_3204-420x204.webp\" media=\"(max-width: 210px)\"><source srcset=\"https:\/\/www.campingsaintevictoire.com\/wp-content\/uploads\/2025\/11\/IMG_3204.webp\" media=\"(max-width: 420px)\"><source srcset=\"https:\/\/www.campingsaintevictoire.com\/wp-content\/uploads\/2025\/11\/IMG_3204.webp\" media=\"(max-width: 850px)\"><source srcset=\"https:\/\/www.campingsaintevictoire.com\/wp-content\/uploads\/2025\/11\/IMG_3204.webp\" media=\"(max-width: 1024px)\"><source srcset=\"https:\/\/www.campingsaintevictoire.com\/wp-content\/uploads\/2025\/11\/IMG_3204.webp\" media=\"(min-width: 1025px)\"><img decoding=\"async\" src=\"https:\/\/www.campingsaintevictoire.com\/wp-content\/uploads\/2025\/11\/IMG_3204-420x204.webp\" width=\"420\" height=\"210\" loading=\"lazy\" alt=\"\" title=\"\"><\/picture><\/figure><figure class=\"gallery__item height-adapt\"><picture><source srcset=\"https:\/\/www.campingsaintevictoire.com\/wp-content\/uploads\/2025\/11\/IMG_3212-315x420.webp\" media=\"(max-width: 210px)\"><source srcset=\"https:\/\/www.campingsaintevictoire.com\/wp-content\/uploads\/2025\/11\/IMG_3212.webp\" media=\"(max-width: 420px)\"><source srcset=\"https:\/\/www.campingsaintevictoire.com\/wp-content\/uploads\/2025\/11\/IMG_3212.webp\" media=\"(max-width: 850px)\"><source srcset=\"https:\/\/www.campingsaintevictoire.com\/wp-content\/uploads\/2025\/11\/IMG_3212.webp\" media=\"(max-width: 1024px)\"><source srcset=\"https:\/\/www.campingsaintevictoire.com\/wp-content\/uploads\/2025\/11\/IMG_3212.webp\" media=\"(min-width: 1025px)\"><img decoding=\"async\" src=\"https:\/\/www.campingsaintevictoire.com\/wp-content\/uploads\/2025\/11\/IMG_3212-315x420.webp\" width=\"420\" height=\"210\" loading=\"lazy\" alt=\"\" title=\"\"><\/picture><\/figure><\/div><\/div><div class=\"columns__item fade-right texte\"><h1><span class=\"fc-span\">Grand Confort<\/span> mobile home<\/h1><p    >The Grand Confort mobile home accommodates up to four people in a space designed for comfort and conviviality. It features two bedrooms, a bright living room and an outdoor terrace, perfect for enjoying al fresco dining or peaceful evenings under the Proven\u00e7al sky. <\/p><div class=\"lireplus fc-mob\"><p    >Read more<\/p><div class=\"group\"><p    >Perfect for families or couples, this accommodation combines modern comfort with a close connection to nature, offering a convenient and relaxing stay at the heart of the campsite.<\/p><\/div><\/div><div class=\"buttons\"><span class=\"buttons__btn btn-resa\">Book<\/span><\/div><\/div><\/div><div class=\"columns has-marron-clair-bg-color has-bg align-full\" style=\"background-color:var(--marron-clair);\"><div class=\"columns__item fade-left texte\"><h2 class=\"h1\">Camp-\u00c9toile:<span class=\"fc-span\"> the glamping experience<\/span><\/h2><p    >Camp-\u00c9toile offers a unique experience for nature lovers. These treehouses combine comfort with a touch of the unusual, allowing guests to enjoy a unique stay whilst taking in the beautifully appointed surroundings. <\/p><div class=\"lireplus fc-mob\"><p    >Read more<\/p><div class=\"group\"><p    >From your terrace, take in the surrounding scenery and let yourself be lulled by the peace and beauty of the surroundings. Ideal for holidays with family or friends, this type of accommodation offers a touch of adventure without compromising on comfort. <\/p><\/div><\/div><\/div><div class=\"columns__item fade-right media\" style=\"align-self:stretch;\"><figure class=\"height-adapt\"><picture><source srcset=\"https:\/\/www.campingsaintevictoire.com\/wp-content\/uploads\/2025\/10\/00000406584-420x315.webp\" media=\"(max-width: 210px)\"><source srcset=\"https:\/\/www.campingsaintevictoire.com\/wp-content\/uploads\/2025\/10\/00000406584-850x638.webp\" media=\"(max-width: 420px)\"><source srcset=\"https:\/\/www.campingsaintevictoire.com\/wp-content\/uploads\/2025\/10\/00000406584-768x576.webp\" media=\"(max-width: 850px)\"><source srcset=\"https:\/\/www.campingsaintevictoire.com\/wp-content\/uploads\/2025\/10\/00000406584-1024x768.webp\" media=\"(max-width: 1024px)\"><source srcset=\"https:\/\/www.campingsaintevictoire.com\/wp-content\/uploads\/2025\/10\/00000406584.webp\" media=\"(min-width: 1025px)\"><img decoding=\"async\" src=\"https:\/\/www.campingsaintevictoire.com\/wp-content\/uploads\/2025\/10\/00000406584-420x315.webp\" width=\"420\" height=\"210\" loading=\"lazy\" alt=\"\" title=\"\"><\/picture><\/figure><\/div><\/div><div class=\"columns reverse-mob align-full\"><div class=\"columns__item fade-left media\" style=\"align-self:stretch;\"><figure class=\"height-adapt\"><picture><source srcset=\"\" media=\"(max-width: 210px)\"><source srcset=\"\" media=\"(max-width: 420px)\"><source srcset=\"\" media=\"(max-width: 850px)\"><source srcset=\"\" media=\"(max-width: 1024px)\"><source srcset=\"\" media=\"(min-width: 1025px)\"><img decoding=\"async\" src=\"\" width=\"420\" height=\"210\" loading=\"lazy\" alt=\"\" title=\"\"><\/picture><\/figure><\/div><div class=\"columns__item fade-right texte\"><h2 class=\"h1\">Hobbit cabin: a <span class=\"fc-span\">magical stay<\/span><\/h2><p    >Step into the magical world of the Hobbit Cottage, a charming little round house inspired by fantasy tales. Designed to accommodate couples or families with one or two children, it offers a cosy and welcoming space that blends seamlessly with the surrounding countryside. <\/p><div class=\"lireplus fc-mob\"><p    >Read more<\/p><div class=\"group\"><p    >With its private terrace and unique atmosphere, the Hobbit Cabin turns your stay into a truly magical experience, combining relaxation and wonder.<\/p><\/div><\/div><\/div><\/div>","protected":false},"excerpt":{"rendered":"<p>Grand Confort mobile home The Grand Confort mobile home accommodates up to four people in a space designed for comfort and conviviality. It features two bedrooms, a bright living room and an outdoor terrace, perfect for enjoying al fresco dining or peaceful evenings under the Proven\u00e7al sky. Camp-\u00c9toile: the glamping experience Camp-\u00c9toile offers a unique [&hellip;]<\/p>\n","protected":false},"author":1,"featured_media":0,"parent":0,"menu_order":0,"comment_status":"open","ping_status":"open","template":"","meta":{"_acf_changed":false,"footnotes":""},"acf":[],"_links":{"self":[{"href":"https:\/\/www.campingsaintevictoire.com\/en\/wp-json\/wp\/v2\/pages\/1397"}],"collection":[{"href":"https:\/\/www.campingsaintevictoire.com\/en\/wp-json\/wp\/v2\/pages"}],"about":[{"href":"https:\/\/www.campingsaintevictoire.com\/en\/wp-json\/wp\/v2\/types\/page"}],"author":[{"embeddable":true,"href":"https:\/\/www.campingsaintevictoire.com\/en\/wp-json\/wp\/v2\/users\/1"}],"replies":[{"embeddable":true,"href":"https:\/\/www.campingsaintevictoire.com\/en\/wp-json\/wp\/v2\/comments?post=1397"}],"version-history":[{"count":6,"href":"https:\/\/www.campingsaintevictoire.com\/en\/wp-json\/wp\/v2\/pages\/1397\/revisions"}],"predecessor-version":[{"id":1928,"href":"https:\/\/www.campingsaintevictoire.com\/en\/wp-json\/wp\/v2\/pages\/1397\/revisions\/1928"}],"wp:attachment":[{"href":"https:\/\/www.campingsaintevictoire.com\/en\/wp-json\/wp\/v2\/media?parent=1397"}],"curies":[{"name":"wp","href":"https:\/\/api.w.org\/{rel}","templated":true}]}}