{"id":1438,"date":"2025-10-17T16:28:18","date_gmt":"2025-10-17T14:28:18","guid":{"rendered":"https:\/\/www.campingsaintevictoire.com\/aktivitaeten\/"},"modified":"2026-04-13T09:12:57","modified_gmt":"2026-04-13T07:12:57","slug":"aktivitaeten","status":"publish","type":"page","link":"https:\/\/www.campingsaintevictoire.com\/de\/aktivitaeten\/","title":{"rendered":"Aktivit\u00e4ten"},"content":{"rendered":"<div class=\"diaporama-header align-full\"><div class=\"gallery\"><figure class=\"gallery__item\"><picture><source srcset=\"https:\/\/www.campingsaintevictoire.com\/wp-content\/uploads\/2026\/04\/aire-de-jeux-315x420.webp\" media=\"(max-width: 210px)\"><source srcset=\"https:\/\/www.campingsaintevictoire.com\/wp-content\/uploads\/2026\/04\/aire-de-jeux-638x850.webp\" media=\"(max-width: 420px)\"><source srcset=\"https:\/\/www.campingsaintevictoire.com\/wp-content\/uploads\/2026\/04\/aire-de-jeux-768x1024.webp\" media=\"(max-width: 850px)\"><source srcset=\"https:\/\/www.campingsaintevictoire.com\/wp-content\/uploads\/2026\/04\/aire-de-jeux-768x1024.webp\" media=\"(max-width: 1024px)\"><source srcset=\"https:\/\/www.campingsaintevictoire.com\/wp-content\/uploads\/2026\/04\/aire-de-jeux.webp\" media=\"(min-width: 1025px)\"><img loading=\"lazy\" decoding=\"async\" src=\"https:\/\/www.campingsaintevictoire.com\/wp-content\/uploads\/2026\/04\/aire-de-jeux-315x420.webp\" width=\"420\" height=\"210\" alt=\"\" title=\"\"><\/picture><\/figure><\/div><div class=\"diaporama-header__inner\"><\/div><\/div><div class=\"columns align-full\"><div class=\"columns__item fade-left texte\"><h1 class=\"h1\">F\u00fcr Kinder: <span class=\"fc-span\">Spielplatz &amp; jede Menge Spa\u00df<\/span><\/h1><p    >Im Herzen des Campingplatzes erwartet die Kleinsten ein gesicherter Spielplatz. Sie haben Zugang zu einem kleinen Fluss, an dem sich die Kinder nach Herzenslust austoben k\u00f6nnen. W\u00e4hrend die \u00c4lteren die frische Luft genie\u00dfen, k\u00f6nnen sich die Kinder in einer nat\u00fcrlichen Umgebung am Fu\u00dfe des Montagne Sainte-Victoire in aller Sicherheit austoben.  <\/p><\/div><div class=\"columns__item fade-right media\" style=\"align-self:stretch;\"><figure class=\"height-adapt\"><picture><source srcset=\"https:\/\/www.campingsaintevictoire.com\/wp-content\/uploads\/2025\/10\/camping-sainte-victoire-beaurecueil-a-8km-4411172_5-420x315.webp\" media=\"(max-width: 210px)\"><source srcset=\"https:\/\/www.campingsaintevictoire.com\/wp-content\/uploads\/2025\/10\/camping-sainte-victoire-beaurecueil-a-8km-4411172_5-850x638.webp\" media=\"(max-width: 420px)\"><source srcset=\"https:\/\/www.campingsaintevictoire.com\/wp-content\/uploads\/2025\/10\/camping-sainte-victoire-beaurecueil-a-8km-4411172_5-768x576.webp\" media=\"(max-width: 850px)\"><source srcset=\"https:\/\/www.campingsaintevictoire.com\/wp-content\/uploads\/2025\/10\/camping-sainte-victoire-beaurecueil-a-8km-4411172_5.webp\" media=\"(max-width: 1024px)\"><source srcset=\"https:\/\/www.campingsaintevictoire.com\/wp-content\/uploads\/2025\/10\/camping-sainte-victoire-beaurecueil-a-8km-4411172_5.webp\" media=\"(min-width: 1025px)\"><img decoding=\"async\" src=\"https:\/\/www.campingsaintevictoire.com\/wp-content\/uploads\/2025\/10\/camping-sainte-victoire-beaurecueil-a-8km-4411172_5-420x315.webp\" width=\"420\" height=\"210\" loading=\"lazy\" alt=\"\" title=\"\"><\/picture><\/figure><\/div><\/div><div class=\"group reassurance align-full\"><h2 class=\"h1\" style=\"text-align: center;\">Spiele und gesellige Momente<span class=\"fc-span\"> f\u00fcr alle<\/span><\/h2><p class=\"mini center\" style=\"text-align: center;\"  >Der Campingplatz bietet au\u00dferdem mehrere Bereiche, die der Entspannung und dem gemeinsamen Spielvergn\u00fcgen gewidmet sind. Wer sportliche Herausforderungen liebt, wird die Tischtennisplatten zu sch\u00e4tzen wissen, an denen man mit Freunden oder der Familie spannende Ballwechsel austragen kann. Ganz in der N\u00e4he verspricht der Tischfu\u00dfball freundschaftliche und rasante Duelle \u2013 ideal, um nach einem Spaziergang oder vor dem Abendessen die gute Laune aufrechtzuerhalten.  <\/p><div class=\"lireplus fc-mob\"><p class=\"center\" style=\"text-align: center;\"  >Lesen Sie mehr<\/p><div class=\"group\"><p class=\"mini center\" style=\"text-align: center;\"  >Und f\u00fcr ruhigere Momente steht eine sch\u00f6ne Auswahl an Gesellschaftsspielen zur Verf\u00fcgung, die man ausleihen oder direkt vor Ort spielen kann \u2013 f\u00fcr gem\u00fctliche Abende im Schatten der Pinien.<\/p><\/div><\/div><div class=\"columns reverse-mob f-carousel fc-diapo-mob\"><div class=\"columns__item fade-left\"><figure class=\"height-100\"><picture><source srcset=\"https:\/\/www.campingsaintevictoire.com\/wp-content\/uploads\/2025\/10\/AdobeStock_88963206-280x420.webp\" media=\"(max-width: 210px)\"><source srcset=\"https:\/\/www.campingsaintevictoire.com\/wp-content\/uploads\/2025\/10\/AdobeStock_88963206-567x850.webp\" media=\"(max-width: 420px)\"><source srcset=\"https:\/\/www.campingsaintevictoire.com\/wp-content\/uploads\/2025\/10\/AdobeStock_88963206-768x1152.webp\" media=\"(max-width: 850px)\"><source srcset=\"https:\/\/www.campingsaintevictoire.com\/wp-content\/uploads\/2025\/10\/AdobeStock_88963206-683x1024.webp\" media=\"(max-width: 1024px)\"><source srcset=\"https:\/\/www.campingsaintevictoire.com\/wp-content\/uploads\/2025\/10\/AdobeStock_88963206.webp\" media=\"(min-width: 1025px)\"><img decoding=\"async\" src=\"https:\/\/www.campingsaintevictoire.com\/wp-content\/uploads\/2025\/10\/AdobeStock_88963206-280x420.webp\" width=\"420\" height=\"210\" loading=\"lazy\" alt=\"\" title=\"\"><\/picture><\/figure><p class=\"fc-span center\" style=\"text-align: center;\"  >Tischtennistische<\/p><\/div><div class=\"columns__item fade-down\"><figure class=\"height-100\"><picture><source srcset=\"https:\/\/www.campingsaintevictoire.com\/wp-content\/uploads\/2025\/10\/AdobeStock_174992248-280x420.webp\" media=\"(max-width: 210px)\"><source srcset=\"https:\/\/www.campingsaintevictoire.com\/wp-content\/uploads\/2025\/10\/AdobeStock_174992248-567x850.webp\" media=\"(max-width: 420px)\"><source srcset=\"https:\/\/www.campingsaintevictoire.com\/wp-content\/uploads\/2025\/10\/AdobeStock_174992248-768x1152.webp\" media=\"(max-width: 850px)\"><source srcset=\"https:\/\/www.campingsaintevictoire.com\/wp-content\/uploads\/2025\/10\/AdobeStock_174992248-683x1024.webp\" media=\"(max-width: 1024px)\"><source srcset=\"https:\/\/www.campingsaintevictoire.com\/wp-content\/uploads\/2025\/10\/AdobeStock_174992248.webp\" media=\"(min-width: 1025px)\"><img decoding=\"async\" src=\"https:\/\/www.campingsaintevictoire.com\/wp-content\/uploads\/2025\/10\/AdobeStock_174992248-280x420.webp\" width=\"420\" height=\"210\" loading=\"lazy\" alt=\"\" title=\"\"><\/picture><\/figure><p class=\"fc-span center\" style=\"text-align: center;\"  >Tischfu\u00dfball<\/p><\/div><div class=\"columns__item fade-right\"><figure class=\"height-100\"><picture><source srcset=\"https:\/\/www.campingsaintevictoire.com\/wp-content\/uploads\/2025\/10\/AdobeStock_442768439-280x420.webp\" media=\"(max-width: 210px)\"><source srcset=\"https:\/\/www.campingsaintevictoire.com\/wp-content\/uploads\/2025\/10\/AdobeStock_442768439-567x850.webp\" media=\"(max-width: 420px)\"><source srcset=\"https:\/\/www.campingsaintevictoire.com\/wp-content\/uploads\/2025\/10\/AdobeStock_442768439-768x1151.webp\" media=\"(max-width: 850px)\"><source srcset=\"https:\/\/www.campingsaintevictoire.com\/wp-content\/uploads\/2025\/10\/AdobeStock_442768439-683x1024.webp\" media=\"(max-width: 1024px)\"><source srcset=\"https:\/\/www.campingsaintevictoire.com\/wp-content\/uploads\/2025\/10\/AdobeStock_442768439.webp\" media=\"(min-width: 1025px)\"><img decoding=\"async\" src=\"https:\/\/www.campingsaintevictoire.com\/wp-content\/uploads\/2025\/10\/AdobeStock_442768439-280x420.webp\" width=\"420\" height=\"210\" loading=\"lazy\" alt=\"\" title=\"\"><\/picture><\/figure><p class=\"fc-span center\" style=\"text-align: center;\"  >Gesellschaftsspiele<\/p><\/div><\/div><\/div>","protected":false},"excerpt":{"rendered":"<p>F\u00fcr Kinder: Spielplatz &amp; jede Menge Spa\u00df Im Herzen des Campingplatzes erwartet die Kleinsten ein gesicherter Spielplatz. Sie haben Zugang zu einem kleinen Fluss, an dem sich die Kinder nach Herzenslust austoben k\u00f6nnen. W\u00e4hrend die \u00c4lteren die frische Luft genie\u00dfen, k\u00f6nnen sich die Kinder in einer nat\u00fcrlichen Umgebung am Fu\u00dfe des Montagne Sainte-Victoire in aller [&hellip;]<\/p>\n","protected":false},"author":1,"featured_media":0,"parent":0,"menu_order":0,"comment_status":"open","ping_status":"open","template":"","meta":{"_acf_changed":false,"footnotes":""},"acf":[],"_links":{"self":[{"href":"https:\/\/www.campingsaintevictoire.com\/de\/wp-json\/wp\/v2\/pages\/1438"}],"collection":[{"href":"https:\/\/www.campingsaintevictoire.com\/de\/wp-json\/wp\/v2\/pages"}],"about":[{"href":"https:\/\/www.campingsaintevictoire.com\/de\/wp-json\/wp\/v2\/types\/page"}],"author":[{"embeddable":true,"href":"https:\/\/www.campingsaintevictoire.com\/de\/wp-json\/wp\/v2\/users\/1"}],"replies":[{"embeddable":true,"href":"https:\/\/www.campingsaintevictoire.com\/de\/wp-json\/wp\/v2\/comments?post=1438"}],"version-history":[{"count":4,"href":"https:\/\/www.campingsaintevictoire.com\/de\/wp-json\/wp\/v2\/pages\/1438\/revisions"}],"predecessor-version":[{"id":1954,"href":"https:\/\/www.campingsaintevictoire.com\/de\/wp-json\/wp\/v2\/pages\/1438\/revisions\/1954"}],"wp:attachment":[{"href":"https:\/\/www.campingsaintevictoire.com\/de\/wp-json\/wp\/v2\/media?parent=1438"}],"curies":[{"name":"wp","href":"https:\/\/api.w.org\/{rel}","templated":true}]}}