{"id":1425,"date":"2025-10-17T16:28:18","date_gmt":"2025-10-17T14:28:18","guid":{"rendered":"https:\/\/www.campingsaintevictoire.com\/wohnimmobilien\/"},"modified":"2026-02-06T12:22:27","modified_gmt":"2026-02-06T11:22:27","slug":"wohnimmobilien","status":"publish","type":"page","link":"https:\/\/www.campingsaintevictoire.com\/de\/wohnimmobilien\/","title":{"rendered":"Wohnimmobilien"},"content":{"rendered":"<div class=\"diaporama-header align-full\"><div class=\"gallery\"><figure class=\"gallery__item\"><picture><source srcset=\"https:\/\/www.campingsaintevictoire.com\/wp-content\/uploads\/2025\/10\/AdobeStock_568785099-420x280.webp\" media=\"(max-width: 210px)\"><source srcset=\"https:\/\/www.campingsaintevictoire.com\/wp-content\/uploads\/2025\/10\/AdobeStock_568785099-850x567.webp\" media=\"(max-width: 420px)\"><source srcset=\"https:\/\/www.campingsaintevictoire.com\/wp-content\/uploads\/2025\/10\/AdobeStock_568785099-768x512.webp\" media=\"(max-width: 850px)\"><source srcset=\"https:\/\/www.campingsaintevictoire.com\/wp-content\/uploads\/2025\/10\/AdobeStock_568785099-1024x683.webp\" media=\"(max-width: 1024px)\"><source srcset=\"https:\/\/www.campingsaintevictoire.com\/wp-content\/uploads\/2025\/10\/AdobeStock_568785099.webp\" media=\"(min-width: 1025px)\"><img loading=\"lazy\" decoding=\"async\" src=\"https:\/\/www.campingsaintevictoire.com\/wp-content\/uploads\/2025\/10\/AdobeStock_568785099-420x280.webp\" width=\"420\" height=\"210\" alt=\"\" title=\"\"><\/picture><\/figure><\/div><div class=\"diaporama-header__inner\"><\/div><\/div>\n\n<div class=\"columns mob align-full\"><div class=\"columns__item fade-left texte\"><h1>Denken Sie anders \u00fcber Ihren <span class=\"fc-span\">Zweitwohnsitz und werden Sie Eigent\u00fcmer auf dem Campingplatz Sainte Victoire.<\/span><\/h1><p    >Aber neben all den Qualit\u00e4ten, die Ihnen Ihr Mobilheim bieten kann, wollten wir Ihnen auch eine Reihe von Garantien geben, was die Bedingungen f\u00fcr die Installation und die Nutzung auf unserer Website betrifft:<\/p><ul><li>85 Stellpl\u00e4tze mit einer Fl\u00e4che <strong>von<\/strong> 80 bis 100 m\u00b2, die ausschlie\u00dflich f\u00fcr Mobilheime von Eigent\u00fcmern reserviert sind.\n<\/li><li><strong>Die Garantie, dass<\/strong> Sie nach einer bestimmten Anzahl von Jahren <strong>nicht gezwungen sind,<\/strong> Ihr Mobilheim auf dem Stellplatz <strong>zu erneuern<\/strong>, wenn es ordnungsgem\u00e4\u00df gepflegt wird und in gutem Zustand ist (15 Jahre).\n<\/li><li><strong>Die Garantie, nur einen einzigen Ansprechpartner<\/strong> zu haben, mit unserem &#8222;schl\u00fcsselfertigen&#8220; Ansatz bei der Installation des Mobilheims und seines Zubeh\u00f6rs.\n<\/li><\/ul><\/div><div class=\"columns__item fade-right media\" style=\"align-self:stretch;\"><div class=\"gallery f-carousel fc-diapo\" data-fancybox=\"gallery\"><figure class=\"gallery__item height-adapt\"><picture><source srcset=\"https:\/\/www.campingsaintevictoire.com\/wp-content\/uploads\/2025\/10\/00001038737-420x280.webp\" media=\"(max-width: 210px)\"><source srcset=\"https:\/\/www.campingsaintevictoire.com\/wp-content\/uploads\/2025\/10\/00001038737.webp\" media=\"(max-width: 420px)\"><source srcset=\"https:\/\/www.campingsaintevictoire.com\/wp-content\/uploads\/2025\/10\/00001038737-768x512.webp\" media=\"(max-width: 850px)\"><source srcset=\"https:\/\/www.campingsaintevictoire.com\/wp-content\/uploads\/2025\/10\/00001038737.webp\" media=\"(max-width: 1024px)\"><source srcset=\"https:\/\/www.campingsaintevictoire.com\/wp-content\/uploads\/2025\/10\/00001038737.webp\" media=\"(min-width: 1025px)\"><img decoding=\"async\" src=\"https:\/\/www.campingsaintevictoire.com\/wp-content\/uploads\/2025\/10\/00001038737-420x280.webp\" width=\"420\" height=\"210\" loading=\"lazy\" alt=\"\" title=\"\"><\/picture><\/figure><figure class=\"gallery__item height-adapt\"><picture><source srcset=\"https:\/\/www.campingsaintevictoire.com\/wp-content\/uploads\/2025\/10\/00001038734-336x420.webp\" media=\"(max-width: 210px)\"><source srcset=\"https:\/\/www.campingsaintevictoire.com\/wp-content\/uploads\/2025\/10\/00001038734.webp\" media=\"(max-width: 420px)\"><source srcset=\"https:\/\/www.campingsaintevictoire.com\/wp-content\/uploads\/2025\/10\/00001038734.webp\" media=\"(max-width: 850px)\"><source srcset=\"https:\/\/www.campingsaintevictoire.com\/wp-content\/uploads\/2025\/10\/00001038734.webp\" media=\"(max-width: 1024px)\"><source srcset=\"https:\/\/www.campingsaintevictoire.com\/wp-content\/uploads\/2025\/10\/00001038734.webp\" media=\"(min-width: 1025px)\"><img decoding=\"async\" src=\"https:\/\/www.campingsaintevictoire.com\/wp-content\/uploads\/2025\/10\/00001038734-336x420.webp\" width=\"420\" height=\"210\" loading=\"lazy\" alt=\"\" title=\"\"><\/picture><\/figure><\/div><\/div><\/div>\n\n<div class=\"columns reverse-mob align-full\"><div class=\"columns__item fade-right media\" style=\"align-self:stretch;\"><div class=\"gallery f-carousel fc-diapo\" data-fancybox=\"gallery\"><figure class=\"gallery__item height-adapt\"><picture><source srcset=\"https:\/\/www.campingsaintevictoire.com\/wp-content\/uploads\/2025\/10\/00001038735-280x420.webp\" media=\"(max-width: 210px)\"><source srcset=\"https:\/\/www.campingsaintevictoire.com\/wp-content\/uploads\/2025\/10\/00001038735.webp\" media=\"(max-width: 420px)\"><source srcset=\"https:\/\/www.campingsaintevictoire.com\/wp-content\/uploads\/2025\/10\/00001038735.webp\" media=\"(max-width: 850px)\"><source srcset=\"https:\/\/www.campingsaintevictoire.com\/wp-content\/uploads\/2025\/10\/00001038735.webp\" media=\"(max-width: 1024px)\"><source srcset=\"https:\/\/www.campingsaintevictoire.com\/wp-content\/uploads\/2025\/10\/00001038735.webp\" media=\"(min-width: 1025px)\"><img decoding=\"async\" src=\"https:\/\/www.campingsaintevictoire.com\/wp-content\/uploads\/2025\/10\/00001038735-280x420.webp\" width=\"420\" height=\"210\" loading=\"lazy\" alt=\"\" title=\"\"><\/picture><\/figure><figure class=\"gallery__item height-adapt\"><picture><source srcset=\"https:\/\/www.campingsaintevictoire.com\/wp-content\/uploads\/2025\/10\/00001038736-420x280.webp\" media=\"(max-width: 210px)\"><source srcset=\"https:\/\/www.campingsaintevictoire.com\/wp-content\/uploads\/2025\/10\/00001038736.webp\" media=\"(max-width: 420px)\"><source srcset=\"https:\/\/www.campingsaintevictoire.com\/wp-content\/uploads\/2025\/10\/00001038736-768x512.webp\" media=\"(max-width: 850px)\"><source srcset=\"https:\/\/www.campingsaintevictoire.com\/wp-content\/uploads\/2025\/10\/00001038736.webp\" media=\"(max-width: 1024px)\"><source srcset=\"https:\/\/www.campingsaintevictoire.com\/wp-content\/uploads\/2025\/10\/00001038736.webp\" media=\"(min-width: 1025px)\"><img decoding=\"async\" src=\"https:\/\/www.campingsaintevictoire.com\/wp-content\/uploads\/2025\/10\/00001038736-420x280.webp\" width=\"420\" height=\"210\" loading=\"lazy\" alt=\"\" title=\"\"><\/picture><\/figure><\/div><\/div><div class=\"columns__item fade-left texte\"><ul><li><strong>Die Garantie f\u00fcr ein komfortables<\/strong>, funktionelles und gut ausgestattetes <strong>Mobilheim<\/strong> mit einer sch\u00f6nen Terrasse durch unsere Auswahl an Modellen von einem Hersteller, der f\u00fcr sein Know-how bekannt ist;  \n<\/li><li><strong>Die Garantie f\u00fcr Seelenfrieden <\/strong>mit einem langfristigen Mietvertrag f\u00fcr einen Stellplatz mit klaren und pr\u00e4zisen Verpflichtungen, einschlie\u00dflich eventueller Mieterh\u00f6hungen, deren Modalit\u00e4ten im Voraus festgelegt werden;\n<\/li><li>Die <strong>Garantie, dass Sie Ihre Lieben problemlos empfangen k\u00f6nnen.<\/strong> Der Mietpreis f\u00fcr den Stellplatz ist eine Pauschale f\u00fcr die Schlafpl\u00e4tze, die Ihr Mobilheim bietet. Es gibt also keine zus\u00e4tzlichen Kosten, wenn Sie Familie oder Freunde beherbergen, die in Ihrem Vertrag aufgef\u00fchrt sind;   \n<\/li><li><strong>Servicegarantie<\/strong> mit einem professionellen Team, das 7 Tage die Woche f\u00fcr Sie da ist, um Ihre Anfragen zu beantworten (einige Mitarbeiter leben vor Ort);  \n<\/li><\/ul><p    >Unsere Bewohner k\u00f6nnen es Ihnen besser erkl\u00e4ren als wir: &#8222;Als Eigent\u00fcmer eines Mobilheims auf dem Campingplatz Sainte Victoire gibt es keine Sorgen, keine \u00dcberraschungen, fast keine Wartung, es ist eine praktische und wirtschaftliche Wahl f\u00fcr einen gelungenen Urlaub mit der<span class=\"fc-span\">Familie<\/span> oder unter Freunden&#8220;.<\/p><\/div><\/div>","protected":false},"excerpt":{"rendered":"<p>Denken Sie anders \u00fcber Ihren Zweitwohnsitz und werden Sie Eigent\u00fcmer auf dem Campingplatz Sainte Victoire. Aber neben all den Qualit\u00e4ten, die Ihnen Ihr Mobilheim bieten kann, wollten wir Ihnen auch eine Reihe von Garantien geben, was die Bedingungen f\u00fcr die Installation und die Nutzung auf unserer Website betrifft: Unsere Bewohner k\u00f6nnen es Ihnen besser erkl\u00e4ren [&hellip;]<\/p>\n","protected":false},"author":1,"featured_media":0,"parent":0,"menu_order":0,"comment_status":"open","ping_status":"open","template":"","meta":{"_acf_changed":false,"footnotes":""},"acf":[],"_links":{"self":[{"href":"https:\/\/www.campingsaintevictoire.com\/de\/wp-json\/wp\/v2\/pages\/1425"}],"collection":[{"href":"https:\/\/www.campingsaintevictoire.com\/de\/wp-json\/wp\/v2\/pages"}],"about":[{"href":"https:\/\/www.campingsaintevictoire.com\/de\/wp-json\/wp\/v2\/types\/page"}],"author":[{"embeddable":true,"href":"https:\/\/www.campingsaintevictoire.com\/de\/wp-json\/wp\/v2\/users\/1"}],"replies":[{"embeddable":true,"href":"https:\/\/www.campingsaintevictoire.com\/de\/wp-json\/wp\/v2\/comments?post=1425"}],"version-history":[{"count":5,"href":"https:\/\/www.campingsaintevictoire.com\/de\/wp-json\/wp\/v2\/pages\/1425\/revisions"}],"predecessor-version":[{"id":1881,"href":"https:\/\/www.campingsaintevictoire.com\/de\/wp-json\/wp\/v2\/pages\/1425\/revisions\/1881"}],"wp:attachment":[{"href":"https:\/\/www.campingsaintevictoire.com\/de\/wp-json\/wp\/v2\/media?parent=1425"}],"curies":[{"name":"wp","href":"https:\/\/api.w.org\/{rel}","templated":true}]}}