{"id":1419,"date":"2025-10-17T16:28:18","date_gmt":"2025-10-17T14:28:18","guid":{"rendered":"https:\/\/www.campingsaintevictoire.com\/dienste\/"},"modified":"2026-04-13T13:08:21","modified_gmt":"2026-04-13T11:08:21","slug":"dienste","status":"publish","type":"page","link":"https:\/\/www.campingsaintevictoire.com\/de\/dienste\/","title":{"rendered":"Dienste"},"content":{"rendered":"<div class=\"diaporama-header align-full\"><div class=\"gallery\"><figure class=\"gallery__item\"><picture><source srcset=\"https:\/\/www.campingsaintevictoire.com\/wp-content\/uploads\/2025\/10\/Panneau-Camping-Sainte-Victoire-420x282.webp\" media=\"(max-width: 210px)\"><source srcset=\"https:\/\/www.campingsaintevictoire.com\/wp-content\/uploads\/2025\/10\/Panneau-Camping-Sainte-Victoire-850x570.webp\" media=\"(max-width: 420px)\"><source srcset=\"https:\/\/www.campingsaintevictoire.com\/wp-content\/uploads\/2025\/10\/Panneau-Camping-Sainte-Victoire-768x515.webp\" media=\"(max-width: 850px)\"><source srcset=\"https:\/\/www.campingsaintevictoire.com\/wp-content\/uploads\/2025\/10\/Panneau-Camping-Sainte-Victoire-1024x686.webp\" media=\"(max-width: 1024px)\"><source srcset=\"https:\/\/www.campingsaintevictoire.com\/wp-content\/uploads\/2025\/10\/Panneau-Camping-Sainte-Victoire.webp\" media=\"(min-width: 1025px)\"><img loading=\"lazy\" decoding=\"async\" src=\"https:\/\/www.campingsaintevictoire.com\/wp-content\/uploads\/2025\/10\/Panneau-Camping-Sainte-Victoire-420x282.webp\" width=\"420\" height=\"210\" alt=\"\" title=\"\"><\/picture><\/figure><\/div><div class=\"diaporama-header__inner\"><\/div><\/div>\n\n<div class=\"columns reverse-mob align-full\"><div class=\"columns__item fade-left media hide-mob\" style=\"align-self:stretch;\"><figure class=\"height-adapt\"><picture><source srcset=\"https:\/\/www.campingsaintevictoire.com\/wp-content\/uploads\/2025\/10\/AdobeStock_35275033-280x420.webp\" media=\"(max-width: 210px)\"><source srcset=\"https:\/\/www.campingsaintevictoire.com\/wp-content\/uploads\/2025\/10\/AdobeStock_35275033-567x850.webp\" media=\"(max-width: 420px)\"><source srcset=\"https:\/\/www.campingsaintevictoire.com\/wp-content\/uploads\/2025\/10\/AdobeStock_35275033-768x1152.webp\" media=\"(max-width: 850px)\"><source srcset=\"https:\/\/www.campingsaintevictoire.com\/wp-content\/uploads\/2025\/10\/AdobeStock_35275033-683x1024.webp\" media=\"(max-width: 1024px)\"><source srcset=\"https:\/\/www.campingsaintevictoire.com\/wp-content\/uploads\/2025\/10\/AdobeStock_35275033.webp\" media=\"(min-width: 1025px)\"><img decoding=\"async\" src=\"https:\/\/www.campingsaintevictoire.com\/wp-content\/uploads\/2025\/10\/AdobeStock_35275033-280x420.webp\" width=\"420\" height=\"210\" loading=\"lazy\" alt=\"\" title=\"\"><\/picture><\/figure><\/div><div class=\"columns__item fade-right texte\"><h1>Kleine Freuden <span class=\"fc-span\">im Alltag in den Bergen<\/span><\/h1><p    >Auf dem Campingplatz Sainte Victoire lieben wir einen Morgen, der nach warmem Brot duftet! Von Mai bis September k\u00f6nnen Sie<strong> Brot und Geb\u00e4ck <\/strong>bestellen, um den Tag zu beginnen. <\/p><div class=\"lireplus fc-mob\"><p    >Lesen Sie mehr<\/p><div class=\"group\"><p    >Vor Ort gibt es einen kleinen <strong>Lebensmittelladen<\/strong>, der Sie mit dem N\u00f6tigsten versorgt und Ihnen auch in letzter Minute zur Verf\u00fcgung steht. Und f\u00fcr einen Kaffee oder einen Aperitif mit Freunden bietet Ihnen die <strong>\u00fcberdachte Terrasse <\/strong>einen gem\u00fctlichen Platz, wo man sich gerne trifft. <\/p><\/div><\/div><\/div><\/div>\n\n<div class=\"group sec-05 align-full\"><figure><picture><source srcset=\"https:\/\/www.campingsaintevictoire.com\/wp-content\/uploads\/2025\/10\/00000406995-e1761295217819-420x150.webp\" media=\"(max-width: 210px)\"><source srcset=\"https:\/\/www.campingsaintevictoire.com\/wp-content\/uploads\/2025\/10\/00000406995-e1761295217819-850x304.webp\" media=\"(max-width: 420px)\"><source srcset=\"https:\/\/www.campingsaintevictoire.com\/wp-content\/uploads\/2025\/10\/00000406995-e1761295217819-768x275.webp\" media=\"(max-width: 850px)\"><source srcset=\"https:\/\/www.campingsaintevictoire.com\/wp-content\/uploads\/2025\/10\/00000406995-e1761295217819.webp\" media=\"(max-width: 1024px)\"><source srcset=\"https:\/\/www.campingsaintevictoire.com\/wp-content\/uploads\/2025\/10\/00000406995-e1761295217819.webp\" media=\"(min-width: 1025px)\"><img decoding=\"async\" src=\"https:\/\/www.campingsaintevictoire.com\/wp-content\/uploads\/2025\/10\/00000406995-e1761295217819-420x150.webp\" width=\"420\" height=\"210\" loading=\"lazy\" alt=\"\" title=\"\"><\/picture><\/figure><div class=\"columns negative reverse-mob\"><div class=\"columns__item left fade-left\"><div class=\"columns icon\"><div class=\"columns__item\"><figure><picture><source srcset=\"https:\/\/www.campingsaintevictoire.com\/wp-content\/uploads\/2025\/10\/Group-139-340x420.webp\" media=\"(max-width: 210px)\"><source srcset=\"https:\/\/www.campingsaintevictoire.com\/wp-content\/uploads\/2025\/10\/Group-139.webp\" media=\"(max-width: 420px)\"><source srcset=\"https:\/\/www.campingsaintevictoire.com\/wp-content\/uploads\/2025\/10\/Group-139.webp\" media=\"(max-width: 850px)\"><source srcset=\"https:\/\/www.campingsaintevictoire.com\/wp-content\/uploads\/2025\/10\/Group-139.webp\" media=\"(max-width: 1024px)\"><source srcset=\"https:\/\/www.campingsaintevictoire.com\/wp-content\/uploads\/2025\/10\/Group-139.webp\" media=\"(min-width: 1025px)\"><img decoding=\"async\" src=\"https:\/\/www.campingsaintevictoire.com\/wp-content\/uploads\/2025\/10\/Group-139-340x420.webp\" width=\"420\" height=\"210\" loading=\"lazy\" alt=\"\" title=\"\"><\/picture><\/figure><p class=\"fc-span center\" style=\"text-align: center;\"  >W\u00e4scherei<\/p><\/div><div class=\"columns__item\"><figure><picture><source srcset=\"https:\/\/www.campingsaintevictoire.com\/wp-content\/uploads\/2025\/10\/Group-140-420x222.webp\" media=\"(max-width: 210px)\"><source srcset=\"https:\/\/www.campingsaintevictoire.com\/wp-content\/uploads\/2025\/10\/Group-140.webp\" media=\"(max-width: 420px)\"><source srcset=\"https:\/\/www.campingsaintevictoire.com\/wp-content\/uploads\/2025\/10\/Group-140.webp\" media=\"(max-width: 850px)\"><source srcset=\"https:\/\/www.campingsaintevictoire.com\/wp-content\/uploads\/2025\/10\/Group-140.webp\" media=\"(max-width: 1024px)\"><source srcset=\"https:\/\/www.campingsaintevictoire.com\/wp-content\/uploads\/2025\/10\/Group-140.webp\" media=\"(min-width: 1025px)\"><img decoding=\"async\" src=\"https:\/\/www.campingsaintevictoire.com\/wp-content\/uploads\/2025\/10\/Group-140-420x222.webp\" width=\"420\" height=\"210\" loading=\"lazy\" alt=\"\" title=\"\"><\/picture><\/figure><p class=\"fc-span center\" style=\"text-align: center;\"  >Vermietung von Bettw\u00e4sche<\/p><\/div><div class=\"columns__item\"><figure><picture><source srcset=\"https:\/\/www.campingsaintevictoire.com\/wp-content\/uploads\/2025\/10\/Group-141.webp\" media=\"(max-width: 210px)\"><source srcset=\"https:\/\/www.campingsaintevictoire.com\/wp-content\/uploads\/2025\/10\/Group-141.webp\" media=\"(max-width: 420px)\"><source srcset=\"https:\/\/www.campingsaintevictoire.com\/wp-content\/uploads\/2025\/10\/Group-141.webp\" media=\"(max-width: 850px)\"><source srcset=\"https:\/\/www.campingsaintevictoire.com\/wp-content\/uploads\/2025\/10\/Group-141.webp\" media=\"(max-width: 1024px)\"><source srcset=\"https:\/\/www.campingsaintevictoire.com\/wp-content\/uploads\/2025\/10\/Group-141.webp\" media=\"(min-width: 1025px)\"><img decoding=\"async\" src=\"https:\/\/www.campingsaintevictoire.com\/wp-content\/uploads\/2025\/10\/Group-141.webp\" width=\"420\" height=\"210\" loading=\"lazy\" alt=\"\" title=\"\"><\/picture><\/figure><p class=\"fc-span center\" style=\"text-align: center;\"  >Wifi<\/p><\/div><\/div><\/div><div class=\"columns__item right fade-right has-beige-bg-color has-bg\" style=\"background-color:var(--beige);\"><h2 class=\"h1\">Dienstleistungen <span class=\"fc-span\">f\u00fcr Ihren Komfort<\/span><\/h2><p    >Reisen Sie mit leichtem Gep\u00e4ck, denn wir haben alles vorbereitet, um Ihren Aufenthalt zu vereinfachen. Nutzen Sie den kostenlosen<strong> WLAN-Bereich <\/strong>auf der Terrasse, um jederzeit online zu sein. F\u00fcr Familien gibt es<strong> ein Babybett <\/strong>, das den Urlaub mit den Kleinen erleichtert. Der Campingplatz ist auch mit einer <strong>Kabine<\/strong> f\u00fcr Behinderte ausgestattet (Kabine mit Dusche, Waschbecken und WC).   <\/p><div class=\"lireplus fc-mob\"><p    >Lesen Sie mehr<\/p><div class=\"group\"><p    >F\u00fcr einen komfortablen und entspannten Aufenthalt stellen wir Ihnen auf Anfrage Bettw\u00e4sche, einen Minik\u00fchlschrank und ein elektrisches Kochfeld zur Verf\u00fcgung. Ein Waschraum befindet sich ebenfalls im Haus. B\u00fcgeleisen und B\u00fcgelbrett sowie zwei Haartrockner sind ebenfalls vorhanden.<\/p><\/div><\/div><\/div><\/div><\/div>","protected":false},"excerpt":{"rendered":"<p>Kleine Freuden im Alltag in den Bergen Auf dem Campingplatz Sainte Victoire lieben wir einen Morgen, der nach warmem Brot duftet! Von Mai bis September k\u00f6nnen Sie Brot und Geb\u00e4ck bestellen, um den Tag zu beginnen. W\u00e4scherei Vermietung von Bettw\u00e4sche Wifi Dienstleistungen f\u00fcr Ihren Komfort Reisen Sie mit leichtem Gep\u00e4ck, denn wir haben alles vorbereitet, [&hellip;]<\/p>\n","protected":false},"author":1,"featured_media":0,"parent":0,"menu_order":0,"comment_status":"open","ping_status":"open","template":"","meta":{"_acf_changed":false,"footnotes":""},"acf":[],"_links":{"self":[{"href":"https:\/\/www.campingsaintevictoire.com\/de\/wp-json\/wp\/v2\/pages\/1419"}],"collection":[{"href":"https:\/\/www.campingsaintevictoire.com\/de\/wp-json\/wp\/v2\/pages"}],"about":[{"href":"https:\/\/www.campingsaintevictoire.com\/de\/wp-json\/wp\/v2\/types\/page"}],"author":[{"embeddable":true,"href":"https:\/\/www.campingsaintevictoire.com\/de\/wp-json\/wp\/v2\/users\/1"}],"replies":[{"embeddable":true,"href":"https:\/\/www.campingsaintevictoire.com\/de\/wp-json\/wp\/v2\/comments?post=1419"}],"version-history":[{"count":9,"href":"https:\/\/www.campingsaintevictoire.com\/de\/wp-json\/wp\/v2\/pages\/1419\/revisions"}],"predecessor-version":[{"id":1973,"href":"https:\/\/www.campingsaintevictoire.com\/de\/wp-json\/wp\/v2\/pages\/1419\/revisions\/1973"}],"wp:attachment":[{"href":"https:\/\/www.campingsaintevictoire.com\/de\/wp-json\/wp\/v2\/media?parent=1419"}],"curies":[{"name":"wp","href":"https:\/\/api.w.org\/{rel}","templated":true}]}}