{"id":1410,"date":"2025-10-17T16:28:18","date_gmt":"2025-10-17T14:28:18","guid":{"rendered":"https:\/\/www.campingsaintevictoire.com\/baden\/"},"modified":"2025-12-03T12:03:18","modified_gmt":"2025-12-03T11:03:18","slug":"baden","status":"publish","type":"page","link":"https:\/\/www.campingsaintevictoire.com\/de\/baden\/","title":{"rendered":"Baden"},"content":{"rendered":"<div class=\"diaporama-header align-full\"><div class=\"gallery\"><figure class=\"gallery__item\"><picture><source srcset=\"https:\/\/www.campingsaintevictoire.com\/wp-content\/uploads\/2025\/10\/553054118-1-420x189.webp\" media=\"(max-width: 210px)\"><source srcset=\"https:\/\/www.campingsaintevictoire.com\/wp-content\/uploads\/2025\/10\/553054118-1-850x383.webp\" media=\"(max-width: 420px)\"><source srcset=\"https:\/\/www.campingsaintevictoire.com\/wp-content\/uploads\/2025\/10\/553054118-1-768x346.webp\" media=\"(max-width: 850px)\"><source srcset=\"https:\/\/www.campingsaintevictoire.com\/wp-content\/uploads\/2025\/10\/553054118-1-1024x462.webp\" media=\"(max-width: 1024px)\"><source srcset=\"https:\/\/www.campingsaintevictoire.com\/wp-content\/uploads\/2025\/10\/553054118-1.webp\" media=\"(min-width: 1025px)\"><img loading=\"lazy\" decoding=\"async\" src=\"https:\/\/www.campingsaintevictoire.com\/wp-content\/uploads\/2025\/10\/553054118-1-420x189.webp\" width=\"420\" height=\"210\" alt=\"\" title=\"\"><\/picture><\/figure><\/div><div class=\"diaporama-header__inner\"><\/div><\/div>\n\n<div class=\"columns mob gap-y-5 align-full\"><div class=\"columns__item fade-left texte\"><h1 class=\"h1\">Ein Swimmingpool, um sich <span class=\"fc-span\">in aller Ruhe zu entspannen<\/span><\/h1><p    >G\u00f6nnen Sie sich einen Moment der Entspannung im Au\u00dfenpool des Campingplatzes, der in der Saison von 11:00 bis 19:00 Uhr ge\u00f6ffnet ist. Der Pool ist ein echter Ort der Ruhe und des Wohlbefindens und empf\u00e4ngt Sie mit sanften Stufen \u00fcber die gesamte Breite f\u00fcr einen bequemen Einstieg ins Wasser. Um das Becken herum laden Liegest\u00fchle und Pergolen dazu ein, die Sonne zu genie\u00dfen oder sich im Schatten auszuruhen.    <\/p><div class=\"lireplus fc-desk\"><p    >Lesen Sie mehr<\/p><div class=\"group\"><p    >Aus R\u00fccksicht auf alle sind nur <strong>eng an<\/strong> liegende <strong>Badeanz\u00fcge<\/strong> erlaubt; Shorts, Bermudas, Boxershorts und \u00e4hnliche Kleidungsst\u00fccke sind nicht erlaubt. Der Zugang zum Pool ist aus Sicherheits- und Versicherungsgr\u00fcnden ausschlie\u00dflich den Campern vorbehalten. <\/p><\/div><\/div><\/div><div class=\"columns__item fade-right media\" style=\"align-self:stretch;\"><figure class=\"height-adapt\"><picture><source srcset=\"https:\/\/www.campingsaintevictoire.com\/wp-content\/uploads\/2025\/10\/513827837_122109724124913421_5238943743309358990_n-1-315x420.webp\" media=\"(max-width: 210px)\"><source srcset=\"https:\/\/www.campingsaintevictoire.com\/wp-content\/uploads\/2025\/10\/513827837_122109724124913421_5238943743309358990_n-1-638x850.webp\" media=\"(max-width: 420px)\"><source srcset=\"https:\/\/www.campingsaintevictoire.com\/wp-content\/uploads\/2025\/10\/513827837_122109724124913421_5238943743309358990_n-1-768x1024.webp\" media=\"(max-width: 850px)\"><source srcset=\"https:\/\/www.campingsaintevictoire.com\/wp-content\/uploads\/2025\/10\/513827837_122109724124913421_5238943743309358990_n-1-768x1024.webp\" media=\"(max-width: 1024px)\"><source srcset=\"https:\/\/www.campingsaintevictoire.com\/wp-content\/uploads\/2025\/10\/513827837_122109724124913421_5238943743309358990_n-1.webp\" media=\"(min-width: 1025px)\"><img decoding=\"async\" src=\"https:\/\/www.campingsaintevictoire.com\/wp-content\/uploads\/2025\/10\/513827837_122109724124913421_5238943743309358990_n-1-315x420.webp\" width=\"420\" height=\"210\" loading=\"lazy\" alt=\"\" title=\"\"><\/picture><\/figure><\/div><\/div>\n\n<div class=\"columns reverse-mob has-marron-clair-bg-color has-bg align-full\" style=\"background-color:var(--marron-clair);\"><div class=\"columns__item fade-right media\" style=\"align-self:stretch;\"><figure class=\"height-adapt\"><picture><source srcset=\"https:\/\/www.campingsaintevictoire.com\/wp-content\/uploads\/2025\/10\/camping-sainte-victoire-beaurecueil-a-8km-4411172_5-420x315.webp\" media=\"(max-width: 210px)\"><source srcset=\"https:\/\/www.campingsaintevictoire.com\/wp-content\/uploads\/2025\/10\/camping-sainte-victoire-beaurecueil-a-8km-4411172_5-850x638.webp\" media=\"(max-width: 420px)\"><source srcset=\"https:\/\/www.campingsaintevictoire.com\/wp-content\/uploads\/2025\/10\/camping-sainte-victoire-beaurecueil-a-8km-4411172_5-768x576.webp\" media=\"(max-width: 850px)\"><source srcset=\"https:\/\/www.campingsaintevictoire.com\/wp-content\/uploads\/2025\/10\/camping-sainte-victoire-beaurecueil-a-8km-4411172_5.webp\" media=\"(max-width: 1024px)\"><source srcset=\"https:\/\/www.campingsaintevictoire.com\/wp-content\/uploads\/2025\/10\/camping-sainte-victoire-beaurecueil-a-8km-4411172_5.webp\" media=\"(min-width: 1025px)\"><img decoding=\"async\" src=\"https:\/\/www.campingsaintevictoire.com\/wp-content\/uploads\/2025\/10\/camping-sainte-victoire-beaurecueil-a-8km-4411172_5-420x315.webp\" width=\"420\" height=\"210\" loading=\"lazy\" alt=\"\" title=\"\"><\/picture><\/figure><\/div><div class=\"columns__item fade-left texte\"><h2 class=\"h1\">Erfrischung &amp; Natur <span class=\"fc-span\">am Bachufer<\/span><\/h2><p    >Genie\u00dfen Sie neben dem Swimmingpool auch die beruhigende Natur am Ufer des kleinen Baches &#8222;Le Bayon&#8220;, der sich am unteren Ende des Campingplatzes entlang zieht. Ein idealer Ort, um neue Energie zu tanken und sich zu erfrischen, mit Liegest\u00fchlen und einer Au\u00dfendusche. Hier wird die Natur einfach gelebt, im Rhythmus des Wassers und dem Gesang der Zikaden.  <\/p><\/div><\/div>","protected":false},"excerpt":{"rendered":"<p>Ein Swimmingpool, um sich in aller Ruhe zu entspannen G\u00f6nnen Sie sich einen Moment der Entspannung im Au\u00dfenpool des Campingplatzes, der in der Saison von 11:00 bis 19:00 Uhr ge\u00f6ffnet ist. Der Pool ist ein echter Ort der Ruhe und des Wohlbefindens und empf\u00e4ngt Sie mit sanften Stufen \u00fcber die gesamte Breite f\u00fcr einen bequemen [&hellip;]<\/p>\n","protected":false},"author":1,"featured_media":0,"parent":0,"menu_order":0,"comment_status":"open","ping_status":"open","template":"","meta":{"_acf_changed":false,"footnotes":""},"acf":[],"_links":{"self":[{"href":"https:\/\/www.campingsaintevictoire.com\/de\/wp-json\/wp\/v2\/pages\/1410"}],"collection":[{"href":"https:\/\/www.campingsaintevictoire.com\/de\/wp-json\/wp\/v2\/pages"}],"about":[{"href":"https:\/\/www.campingsaintevictoire.com\/de\/wp-json\/wp\/v2\/types\/page"}],"author":[{"embeddable":true,"href":"https:\/\/www.campingsaintevictoire.com\/de\/wp-json\/wp\/v2\/users\/1"}],"replies":[{"embeddable":true,"href":"https:\/\/www.campingsaintevictoire.com\/de\/wp-json\/wp\/v2\/comments?post=1410"}],"version-history":[{"count":3,"href":"https:\/\/www.campingsaintevictoire.com\/de\/wp-json\/wp\/v2\/pages\/1410\/revisions"}],"predecessor-version":[{"id":1745,"href":"https:\/\/www.campingsaintevictoire.com\/de\/wp-json\/wp\/v2\/pages\/1410\/revisions\/1745"}],"wp:attachment":[{"href":"https:\/\/www.campingsaintevictoire.com\/de\/wp-json\/wp\/v2\/media?parent=1410"}],"curies":[{"name":"wp","href":"https:\/\/api.w.org\/{rel}","templated":true}]}}