{"id":1393,"date":"2025-10-17T16:28:18","date_gmt":"2025-10-17T14:28:18","guid":{"rendered":"https:\/\/www.campingsaintevictoire.com\/unterkuenfte\/"},"modified":"2026-04-09T10:34:17","modified_gmt":"2026-04-09T08:34:17","slug":"unterkuenfte","status":"publish","type":"page","link":"https:\/\/www.campingsaintevictoire.com\/de\/unterkuenfte\/","title":{"rendered":"Unterk\u00fcnfte"},"content":{"rendered":"<div class=\"diaporama-header align-full\"><div class=\"gallery\"><figure class=\"gallery__item\"><picture><source srcset=\"https:\/\/www.campingsaintevictoire.com\/wp-content\/uploads\/2025\/10\/AdobeStock_242157985-420x238.webp\" media=\"(max-width: 210px)\"><source srcset=\"https:\/\/www.campingsaintevictoire.com\/wp-content\/uploads\/2025\/10\/AdobeStock_242157985-850x481.webp\" media=\"(max-width: 420px)\"><source srcset=\"https:\/\/www.campingsaintevictoire.com\/wp-content\/uploads\/2025\/10\/AdobeStock_242157985-768x435.webp\" media=\"(max-width: 850px)\"><source srcset=\"https:\/\/www.campingsaintevictoire.com\/wp-content\/uploads\/2025\/10\/AdobeStock_242157985-1024x580.webp\" media=\"(max-width: 1024px)\"><source srcset=\"https:\/\/www.campingsaintevictoire.com\/wp-content\/uploads\/2025\/10\/AdobeStock_242157985.webp\" media=\"(min-width: 1025px)\"><img loading=\"lazy\" decoding=\"async\" src=\"https:\/\/www.campingsaintevictoire.com\/wp-content\/uploads\/2025\/10\/AdobeStock_242157985-420x238.webp\" width=\"420\" height=\"210\" alt=\"\" title=\"\"><\/picture><\/figure><\/div><div class=\"diaporama-header__inner\"><\/div><\/div><div class=\"columns reverse-mob align-full\"><div class=\"columns__item fade-left media\" style=\"align-self:stretch;\"><div class=\"gallery f-carousel fc-diapo\" data-fancybox=\"gallery\"><figure class=\"gallery__item height-adapt\"><picture><source srcset=\"https:\/\/www.campingsaintevictoire.com\/wp-content\/uploads\/2025\/11\/IMG_3210-315x420.webp\" media=\"(max-width: 210px)\"><source srcset=\"https:\/\/www.campingsaintevictoire.com\/wp-content\/uploads\/2025\/11\/IMG_3210.webp\" media=\"(max-width: 420px)\"><source srcset=\"https:\/\/www.campingsaintevictoire.com\/wp-content\/uploads\/2025\/11\/IMG_3210.webp\" media=\"(max-width: 850px)\"><source srcset=\"https:\/\/www.campingsaintevictoire.com\/wp-content\/uploads\/2025\/11\/IMG_3210.webp\" media=\"(max-width: 1024px)\"><source srcset=\"https:\/\/www.campingsaintevictoire.com\/wp-content\/uploads\/2025\/11\/IMG_3210.webp\" media=\"(min-width: 1025px)\"><img decoding=\"async\" src=\"https:\/\/www.campingsaintevictoire.com\/wp-content\/uploads\/2025\/11\/IMG_3210-315x420.webp\" width=\"420\" height=\"210\" loading=\"lazy\" alt=\"\" title=\"\"><\/picture><\/figure><figure class=\"gallery__item height-adapt\"><picture><source srcset=\"https:\/\/www.campingsaintevictoire.com\/wp-content\/uploads\/2025\/11\/IMG_3204-420x204.webp\" media=\"(max-width: 210px)\"><source srcset=\"https:\/\/www.campingsaintevictoire.com\/wp-content\/uploads\/2025\/11\/IMG_3204.webp\" media=\"(max-width: 420px)\"><source srcset=\"https:\/\/www.campingsaintevictoire.com\/wp-content\/uploads\/2025\/11\/IMG_3204.webp\" media=\"(max-width: 850px)\"><source srcset=\"https:\/\/www.campingsaintevictoire.com\/wp-content\/uploads\/2025\/11\/IMG_3204.webp\" media=\"(max-width: 1024px)\"><source srcset=\"https:\/\/www.campingsaintevictoire.com\/wp-content\/uploads\/2025\/11\/IMG_3204.webp\" media=\"(min-width: 1025px)\"><img decoding=\"async\" src=\"https:\/\/www.campingsaintevictoire.com\/wp-content\/uploads\/2025\/11\/IMG_3204-420x204.webp\" width=\"420\" height=\"210\" loading=\"lazy\" alt=\"\" title=\"\"><\/picture><\/figure><figure class=\"gallery__item height-adapt\"><picture><source srcset=\"https:\/\/www.campingsaintevictoire.com\/wp-content\/uploads\/2025\/11\/IMG_3212-315x420.webp\" media=\"(max-width: 210px)\"><source srcset=\"https:\/\/www.campingsaintevictoire.com\/wp-content\/uploads\/2025\/11\/IMG_3212.webp\" media=\"(max-width: 420px)\"><source srcset=\"https:\/\/www.campingsaintevictoire.com\/wp-content\/uploads\/2025\/11\/IMG_3212.webp\" media=\"(max-width: 850px)\"><source srcset=\"https:\/\/www.campingsaintevictoire.com\/wp-content\/uploads\/2025\/11\/IMG_3212.webp\" media=\"(max-width: 1024px)\"><source srcset=\"https:\/\/www.campingsaintevictoire.com\/wp-content\/uploads\/2025\/11\/IMG_3212.webp\" media=\"(min-width: 1025px)\"><img decoding=\"async\" src=\"https:\/\/www.campingsaintevictoire.com\/wp-content\/uploads\/2025\/11\/IMG_3212-315x420.webp\" width=\"420\" height=\"210\" loading=\"lazy\" alt=\"\" title=\"\"><\/picture><\/figure><\/div><\/div><div class=\"columns__item fade-right texte\"><h1>Mobilheim <span class=\"fc-span\">&#8222;Grand Confort<\/span><\/h1><p    >Das Mobilheim \u201eGrand Confort\u201c bietet Platz f\u00fcr bis zu 4 Personen in einem Raum, der ganz auf Wohlbefinden und Geselligkeit ausgelegt ist. Es verf\u00fcgt \u00fcber zwei Schlafzimmer, ein helles Wohnzimmer und eine Au\u00dfenterrasse, die sich ideal f\u00fcr Mahlzeiten im Freien oder ruhige Abende unter dem provenzalischen Himmel eignet. <\/p><div class=\"lireplus fc-mob\"><p    >Lesen Sie mehr<\/p><div class=\"group\"><p    >Diese Unterkunft ist ideal f\u00fcr Familien oder Paare und verbindet modernen Komfort mit der N\u00e4he zur Natur \u2013 f\u00fcr einen praktischen und erholsamen Aufenthalt im Herzen des Campingplatzes.<\/p><\/div><\/div><div class=\"buttons\"><span class=\"buttons__btn btn-resa\">Buchen Sie<\/span><\/div><\/div><\/div><div class=\"columns has-marron-clair-bg-color has-bg align-full\" style=\"background-color:var(--marron-clair);\"><div class=\"columns__item fade-left texte\"><h2 class=\"h1\">Camp-Etoile:<span class=\"fc-span\"> die Glamping-Erfahrung<\/span><\/h2><p    >Das Camp-\u00c9toile bietet Naturliebhabern ein einzigartiges Erlebnis. Diese H\u00fctten auf Stelzen verbinden Komfort mit Originalit\u00e4t und erm\u00f6glichen einen au\u00dfergew\u00f6hnlichen Aufenthalt in einer gepflegten Umgebung. <\/p><div class=\"lireplus fc-mob\"><p    >Lesen Sie mehr<\/p><div class=\"group\"><p    >Genie\u00dfen Sie von Ihrer Terrasse aus die umliegende Landschaft und lassen Sie sich von der Ruhe und Sch\u00f6nheit der Umgebung verzaubern. Diese Art der Unterkunft ist ideal f\u00fcr einen Urlaub mit der Familie oder mit Freunden und bietet ein kleines Abenteuer, ohne auf Komfort verzichten zu m\u00fcssen. <\/p><\/div><\/div><\/div><div class=\"columns__item fade-right media\" style=\"align-self:stretch;\"><figure class=\"height-adapt\"><picture><source srcset=\"https:\/\/www.campingsaintevictoire.com\/wp-content\/uploads\/2025\/10\/00000406584-420x315.webp\" media=\"(max-width: 210px)\"><source srcset=\"https:\/\/www.campingsaintevictoire.com\/wp-content\/uploads\/2025\/10\/00000406584-850x638.webp\" media=\"(max-width: 420px)\"><source srcset=\"https:\/\/www.campingsaintevictoire.com\/wp-content\/uploads\/2025\/10\/00000406584-768x576.webp\" media=\"(max-width: 850px)\"><source srcset=\"https:\/\/www.campingsaintevictoire.com\/wp-content\/uploads\/2025\/10\/00000406584-1024x768.webp\" media=\"(max-width: 1024px)\"><source srcset=\"https:\/\/www.campingsaintevictoire.com\/wp-content\/uploads\/2025\/10\/00000406584.webp\" media=\"(min-width: 1025px)\"><img decoding=\"async\" src=\"https:\/\/www.campingsaintevictoire.com\/wp-content\/uploads\/2025\/10\/00000406584-420x315.webp\" width=\"420\" height=\"210\" loading=\"lazy\" alt=\"\" title=\"\"><\/picture><\/figure><\/div><\/div><div class=\"columns reverse-mob align-full\"><div class=\"columns__item fade-left media\" style=\"align-self:stretch;\"><figure class=\"height-adapt\"><picture><source srcset=\"\" media=\"(max-width: 210px)\"><source srcset=\"\" media=\"(max-width: 420px)\"><source srcset=\"\" media=\"(max-width: 850px)\"><source srcset=\"\" media=\"(max-width: 1024px)\"><source srcset=\"\" media=\"(min-width: 1025px)\"><img decoding=\"async\" src=\"\" width=\"420\" height=\"210\" loading=\"lazy\" alt=\"\" title=\"\"><\/picture><\/figure><\/div><div class=\"columns__item fade-right texte\"><h2 class=\"h1\">Hobbit-H\u00fctte: <span class=\"fc-span\">M\u00e4rchenhafter Aufenthalt<\/span><\/h2><p    >Tauchen Sie ein in die zauberhafte Welt der Hobbit-H\u00fctte, einem kleinen, charmanten Rundhaus, das von Fantasy-Geschichten inspiriert ist. Es ist f\u00fcr Paare oder Familien mit einem oder zwei Kindern konzipiert und bietet einen gem\u00fctlichen und behaglichen Raum, der sich perfekt in die umgebende Natur einf\u00fcgt. <\/p><div class=\"lireplus fc-mob\"><p    >Lesen Sie mehr<\/p><div class=\"group\"><p    >Mit ihrer eigenen Terrasse und ihrem einzigartigen Ambiente verwandelt die Hobbit-H\u00fctte Ihren Aufenthalt in eine wahrhaft zauberhafte Auszeit, die Entspannung und Staunen vereint.<\/p><\/div><\/div><\/div><\/div>","protected":false},"excerpt":{"rendered":"<p>Mobilheim &#8222;Grand Confort Das Mobilheim \u201eGrand Confort\u201c bietet Platz f\u00fcr bis zu 4 Personen in einem Raum, der ganz auf Wohlbefinden und Geselligkeit ausgelegt ist. Es verf\u00fcgt \u00fcber zwei Schlafzimmer, ein helles Wohnzimmer und eine Au\u00dfenterrasse, die sich ideal f\u00fcr Mahlzeiten im Freien oder ruhige Abende unter dem provenzalischen Himmel eignet. Camp-Etoile: die Glamping-Erfahrung Das [&hellip;]<\/p>\n","protected":false},"author":1,"featured_media":0,"parent":0,"menu_order":0,"comment_status":"open","ping_status":"open","template":"","meta":{"_acf_changed":false,"footnotes":""},"acf":[],"_links":{"self":[{"href":"https:\/\/www.campingsaintevictoire.com\/de\/wp-json\/wp\/v2\/pages\/1393"}],"collection":[{"href":"https:\/\/www.campingsaintevictoire.com\/de\/wp-json\/wp\/v2\/pages"}],"about":[{"href":"https:\/\/www.campingsaintevictoire.com\/de\/wp-json\/wp\/v2\/types\/page"}],"author":[{"embeddable":true,"href":"https:\/\/www.campingsaintevictoire.com\/de\/wp-json\/wp\/v2\/users\/1"}],"replies":[{"embeddable":true,"href":"https:\/\/www.campingsaintevictoire.com\/de\/wp-json\/wp\/v2\/comments?post=1393"}],"version-history":[{"count":5,"href":"https:\/\/www.campingsaintevictoire.com\/de\/wp-json\/wp\/v2\/pages\/1393\/revisions"}],"predecessor-version":[{"id":1929,"href":"https:\/\/www.campingsaintevictoire.com\/de\/wp-json\/wp\/v2\/pages\/1393\/revisions\/1929"}],"wp:attachment":[{"href":"https:\/\/www.campingsaintevictoire.com\/de\/wp-json\/wp\/v2\/media?parent=1393"}],"curies":[{"name":"wp","href":"https:\/\/api.w.org\/{rel}","templated":true}]}}