{"id":1370,"date":"2025-10-17T16:28:18","date_gmt":"2025-10-17T14:28:18","guid":{"rendered":"https:\/\/www.campingsaintevictoire.com\/plaetze\/"},"modified":"2026-02-06T12:23:33","modified_gmt":"2026-02-06T11:23:33","slug":"plaetze","status":"publish","type":"page","link":"https:\/\/www.campingsaintevictoire.com\/de\/plaetze\/","title":{"rendered":"Pl\u00e4tze"},"content":{"rendered":"<div class=\"diaporama-header align-full\"><div class=\"gallery\"><figure class=\"gallery__item\"><picture><source srcset=\"\" media=\"(max-width: 210px)\"><source srcset=\"\" media=\"(max-width: 420px)\"><source srcset=\"\" media=\"(max-width: 850px)\"><source srcset=\"\" media=\"(max-width: 1024px)\"><source srcset=\"\" media=\"(min-width: 1025px)\"><img loading=\"lazy\" decoding=\"async\" src=\"\" width=\"420\" height=\"210\" alt=\"\" title=\"\"><\/picture><\/figure><\/div><div class=\"diaporama-header__inner\"><\/div><\/div>\n\n<div class=\"columns reverse-mob align-full\"><div class=\"columns__item fade-left media\" style=\"align-self:stretch;\"><figure class=\"height-adapt\"><picture><source srcset=\"https:\/\/www.campingsaintevictoire.com\/wp-content\/uploads\/2025\/10\/577821218-420x315.webp\" media=\"(max-width: 210px)\"><source srcset=\"https:\/\/www.campingsaintevictoire.com\/wp-content\/uploads\/2025\/10\/577821218-850x638.webp\" media=\"(max-width: 420px)\"><source srcset=\"https:\/\/www.campingsaintevictoire.com\/wp-content\/uploads\/2025\/10\/577821218-768x576.webp\" media=\"(max-width: 850px)\"><source srcset=\"https:\/\/www.campingsaintevictoire.com\/wp-content\/uploads\/2025\/10\/577821218.webp\" media=\"(max-width: 1024px)\"><source srcset=\"https:\/\/www.campingsaintevictoire.com\/wp-content\/uploads\/2025\/10\/577821218.webp\" media=\"(min-width: 1025px)\"><img decoding=\"async\" src=\"https:\/\/www.campingsaintevictoire.com\/wp-content\/uploads\/2025\/10\/577821218-420x315.webp\" width=\"420\" height=\"210\" style=\"object-fit:cover;\" loading=\"lazy\" alt=\"\" title=\"\"><\/picture><\/figure><\/div><div class=\"columns__item fade-right texte\"><h1>Ihr mobiles pied-\u00e0-terre <span class=\"fc-span\">im Herzen der Natur<\/span><\/h1><p    >Dieses Paket ist f\u00fcr Eigent\u00fcmer eines Wohnwagens, Wohnmobils oder Vans gedacht. Es beinhaltet einen ger\u00e4umigen Stellplatz mit einem 6 an 10A Stromanschluss, der auf Ihre Bed\u00fcrfnisse zugeschnitten ist. Genie\u00dfen Sie einen komfortablen und praktischen Aufenthalt mit viel Platz f\u00fcr Ihr Fahrzeug und Ihre Einrichtungen, w\u00e4hrend Sie gleichzeitig in der N\u00e4he der nat\u00fcrlichen Sch\u00f6nheit des Montagne Sainte-Victoire bleiben.<\/p><div class=\"buttons\"><span class=\"buttons__btn btn-resa is-style-resa\" style=\"background-color:var(--vert);color:var(--blanc);\">Buchen Sie<\/span><\/div><\/div><\/div>\n\n<div class=\"columns reverse-mob has-marron-clair-bg-color has-bg align-full\" style=\"background-color:var(--marron-clair);\"><div class=\"columns__item fade-left texte\"><h2 class=\"h1 span-blanc\" style=\"color: var(--blanc);\">Camping unter den Sternen, <span class=\"fc-span\">mit oder ohne Strom<\/span><\/h2><p  style=\"color: var(--blanc);\"  >Erleben Sie Camping in Ihrem eigenen Rhythmus, inmitten der Natur, am Fu\u00dfe des Berges Sainte-Victoire. Unsere Zeltpl\u00e4tze bieten <strong>Authentizit\u00e4t und Komfort<\/strong>. Wenn Sie es einfach m\u00f6gen, entscheiden Sie sich f\u00fcr das Paket ohne Strom und genie\u00dfen Sie einen ger\u00e4umigen und schattigen Platz, der perfekt f\u00fcr einen entspannten und naturnahen Aufenthalt ist. Wenn Sie in Verbindung bleiben oder Ihre modernen Ger\u00e4te nutzen m\u00f6chten, k\u00f6nnen Sie mit der Pauschale mit Strom Ihre Ger\u00e4te aufladen und Ihren Komfort genie\u00dfen, w\u00e4hrend Sie in diese au\u00dfergew\u00f6hnliche nat\u00fcrliche Umgebung eintauchen.   <\/p><\/div><div class=\"columns__item fade-right media\" style=\"align-self:stretch;\"><figure><picture><source srcset=\"https:\/\/www.campingsaintevictoire.com\/wp-content\/uploads\/2025\/10\/577826147-420x315.webp\" media=\"(max-width: 210px)\"><source srcset=\"https:\/\/www.campingsaintevictoire.com\/wp-content\/uploads\/2025\/10\/577826147-850x638.webp\" media=\"(max-width: 420px)\"><source srcset=\"https:\/\/www.campingsaintevictoire.com\/wp-content\/uploads\/2025\/10\/577826147-768x576.webp\" media=\"(max-width: 850px)\"><source srcset=\"https:\/\/www.campingsaintevictoire.com\/wp-content\/uploads\/2025\/10\/577826147.webp\" media=\"(max-width: 1024px)\"><source srcset=\"https:\/\/www.campingsaintevictoire.com\/wp-content\/uploads\/2025\/10\/577826147.webp\" media=\"(min-width: 1025px)\"><img decoding=\"async\" src=\"https:\/\/www.campingsaintevictoire.com\/wp-content\/uploads\/2025\/10\/577826147-420x315.webp\" width=\"420\" height=\"210\" loading=\"lazy\" alt=\"\" title=\"\"><\/picture><\/figure><\/div><\/div>\n\n<div class=\"cover reverse-mob align-full\"><picture class=\"cover__img\"><source srcset=\"https:\/\/www.campingsaintevictoire.com\/wp-content\/uploads\/2025\/10\/texture_piscine-1-420x119.webp\" media=\"(max-width: 210px)\"><source srcset=\"https:\/\/www.campingsaintevictoire.com\/wp-content\/uploads\/2025\/10\/texture_piscine-1-850x241.webp\" media=\"(max-width: 420px)\"><source srcset=\"https:\/\/www.campingsaintevictoire.com\/wp-content\/uploads\/2025\/10\/texture_piscine-1-768x218.webp\" media=\"(max-width: 850px)\"><source srcset=\"https:\/\/www.campingsaintevictoire.com\/wp-content\/uploads\/2025\/10\/texture_piscine-1-1024x291.webp\" media=\"(max-width: 1024px)\"><source srcset=\"https:\/\/www.campingsaintevictoire.com\/wp-content\/uploads\/2025\/10\/texture_piscine-1.webp\" media=\"(min-width: 1025px)\"><img decoding=\"async\" src=\"https:\/\/www.campingsaintevictoire.com\/wp-content\/uploads\/2025\/10\/texture_piscine-1-420x119.webp\" width=\"420\" height=\"210\" loading=\"lazy\" alt=\"\" title=\"\"><\/picture><div class=\"cover__inner\"><p class=\"wording center\" style=\"text-align: center;\"  >W\u00e4hlen Sie Ihren Lieblingsplatz und lassen Sie sich nieder<\/p><p class=\"wording-just center\" style=\"text-align: center;\"  >komfortabel im Herzen der Natur<\/p><\/div><\/div>\n\n<div class=\"columns reverse-mob gap-y-5 align-full\"><div class=\"columns__item fade-right media\" style=\"align-self:stretch;\"><figure class=\"height-adapt\"><picture><source srcset=\"https:\/\/www.campingsaintevictoire.com\/wp-content\/uploads\/2025\/10\/00000985941-420x315.webp\" media=\"(max-width: 210px)\"><source srcset=\"https:\/\/www.campingsaintevictoire.com\/wp-content\/uploads\/2025\/10\/00000985941-850x638.webp\" media=\"(max-width: 420px)\"><source srcset=\"https:\/\/www.campingsaintevictoire.com\/wp-content\/uploads\/2025\/10\/00000985941-768x576.webp\" media=\"(max-width: 850px)\"><source srcset=\"https:\/\/www.campingsaintevictoire.com\/wp-content\/uploads\/2025\/10\/00000985941-1024x768.webp\" media=\"(max-width: 1024px)\"><source srcset=\"https:\/\/www.campingsaintevictoire.com\/wp-content\/uploads\/2025\/10\/00000985941.webp\" media=\"(min-width: 1025px)\"><img decoding=\"async\" src=\"https:\/\/www.campingsaintevictoire.com\/wp-content\/uploads\/2025\/10\/00000985941-420x315.webp\" width=\"420\" height=\"210\" loading=\"lazy\" alt=\"\" title=\"\"><\/picture><\/figure><\/div><div class=\"columns__item fade-left texte\"><h2 class=\"h1\">Aktiver Ausflug: <span class=\"fc-span\">Radfahrer und Wanderer<\/span><\/h2><p    >Dieses Paket ist f\u00fcr Radfahrer und Wanderer gedacht und bietet einen Stellplatz, der Ihrer Reiseart entspricht. Es beinhaltet einen Zeltplatz ohne Strom und ist f\u00fcr Durchreisende gedacht. Eine ideale Wahl f\u00fcr alle, die die Region mit dem Fahrrad oder zu Fu\u00df erkunden.  <\/p><\/div><\/div>","protected":false},"excerpt":{"rendered":"<p>Ihr mobiles pied-\u00e0-terre im Herzen der Natur Dieses Paket ist f\u00fcr Eigent\u00fcmer eines Wohnwagens, Wohnmobils oder Vans gedacht. Es beinhaltet einen ger\u00e4umigen Stellplatz mit einem 6 an 10A Stromanschluss, der auf Ihre Bed\u00fcrfnisse zugeschnitten ist. Genie\u00dfen Sie einen komfortablen und praktischen Aufenthalt mit viel Platz f\u00fcr Ihr Fahrzeug und Ihre Einrichtungen, w\u00e4hrend Sie gleichzeitig in [&hellip;]<\/p>\n","protected":false},"author":1,"featured_media":0,"parent":0,"menu_order":0,"comment_status":"open","ping_status":"open","template":"","meta":{"_acf_changed":false,"footnotes":""},"acf":[],"_links":{"self":[{"href":"https:\/\/www.campingsaintevictoire.com\/de\/wp-json\/wp\/v2\/pages\/1370"}],"collection":[{"href":"https:\/\/www.campingsaintevictoire.com\/de\/wp-json\/wp\/v2\/pages"}],"about":[{"href":"https:\/\/www.campingsaintevictoire.com\/de\/wp-json\/wp\/v2\/types\/page"}],"author":[{"embeddable":true,"href":"https:\/\/www.campingsaintevictoire.com\/de\/wp-json\/wp\/v2\/users\/1"}],"replies":[{"embeddable":true,"href":"https:\/\/www.campingsaintevictoire.com\/de\/wp-json\/wp\/v2\/comments?post=1370"}],"version-history":[{"count":4,"href":"https:\/\/www.campingsaintevictoire.com\/de\/wp-json\/wp\/v2\/pages\/1370\/revisions"}],"predecessor-version":[{"id":1886,"href":"https:\/\/www.campingsaintevictoire.com\/de\/wp-json\/wp\/v2\/pages\/1370\/revisions\/1886"}],"wp:attachment":[{"href":"https:\/\/www.campingsaintevictoire.com\/de\/wp-json\/wp\/v2\/media?parent=1370"}],"curies":[{"name":"wp","href":"https:\/\/api.w.org\/{rel}","templated":true}]}}